{"id":26,"date":"2016-02-12T08:13:33","date_gmt":"2016-02-12T08:13:33","guid":{"rendered":"http:\/\/demos.famethemes.com\/onepress\/?page_id=26"},"modified":"2022-02-02T09:20:22","modified_gmt":"2022-02-02T09:20:22","slug":"per-a-professionals","status":"publish","type":"page","link":"https:\/\/jorevastudi.com\/index.php\/per-a-professionals\/","title":{"rendered":"PER A PROFESSIONALS"},"content":{"rendered":"\n<div style=\"height:40px\" aria-hidden=\"true\" class=\"wp-block-spacer\"><\/div>\n\n\n\n<p class=\"has-text-color\" style=\"color:#545252\"> Oferim m\u00faltiples solucions per satisfer les exig\u00e8ncies i necessitats per a professionals com <strong>arquitectes<\/strong>, <strong>interioristes, decoradors, professionals de la reforma de vivendes o locals comercials<\/strong>. Aportem originalitat en els dissenys, alta qualitat de materials i una excel-l\u00e8ncia en els acabats.<\/p>\n\n\n\n<p class=\"has-text-color\" style=\"color:#545252\">M\u00e9s de 30 anys d\u2019experi\u00e8ncia avalen un servei personalitzat del m\u00e9s alt nivell t\u00e8cnic. Acompanyat per una capacitat log\u00edstica, de transport i muntatge de la m\u00e0xima efici\u00e8ncia. Per tant, podem oferir un servei integral si el client ho desitja o b\u00e9 intervenir en una \u00e0rea determinada del projecte.<\/p>\n\n\n\n<p class=\"has-text-color\" style=\"color:#545252\">D&#8217;altra banda, aquesta llarga traject\u00f2ria d\u00f3na garantia de la vocaci\u00f3 de JOREVA de col-laborar estretament amb els professionals. Ens agrada sentir-nos part de l\u2019equip. El nostre equip t\u00e8cnic acompanyar\u00e0 cada pas del vostre projecte: expliqueu-nos qu\u00e8 necessiteu i ens implicarem al vostre costat en trobar solucions.<\/p>\n\n\n\n<p class=\"has-text-color\" style=\"color:#545252\">Els <strong>equips propis de JOREVA<\/strong>, de la m\u00e0xima professionalitat, s\u2019encarregaran de subministrar tot tipus de productes per a l\u2019equipament total o parcial de projectes d\u2019interiorisme per al client professional.<\/p>\n\n\n\n<p class=\"has-text-color\" style=\"color:#545252\">Som distribu\u00efdors oficials de m\u00e9s de<strong> 500 firmes internacionals<\/strong> de disseny. Acostem al client professional per poder treballar amb comoditat i escollir amb total llibertat d\u2019entre un cat\u00e0leg ampl\u00edssim. Aportem experi\u00e8ncia, coneixement t\u00e8cnic, creativitat, recerca, mostres,&#8230; Tots aquests recursos ens permeten assessorar al client en la tria d\u2019opcions per tal d\u2019augmentar el seu \u00e8xit comercial aix\u00ed com el valor dels seus projectes. Ajudem a prescriure el producte m\u00e9s adequat tenint sempre present la relaci\u00f3 qualitat-preu i el posterior manteniment.<\/p>\n\n\n\n<p><\/p>\n\n\n\n<hr class=\"wp-block-separator\"\/>\n\n\n<div id=\"envira-gallery-wrap-1884\" class=\"envira-gallery-wrap envira-gallery-theme-base envira-lightbox-theme-base\" itemscope itemtype=\"https:\/\/schema.org\/ImageGallery\"><div data-row-height=\"\" data-gallery-theme=\"\" id=\"envira-gallery-1884\" class=\"envira-gallery-public  envira-gallery-3-columns envira-clear enviratope envira-gallery-css-animations\" data-envira-columns=\"3\"><div id=\"envira-gallery-item-1904\" class=\"envira-gallery-item enviratope-item envira-gallery-item-1 envira-lazy-load\" style=\"padding-left: 5px; padding-bottom: 10px; padding-right: 5px;\"  itemscope itemtype=\"https:\/\/schema.org\/ImageObject\"><div class=\"envira-gallery-item-inner\"><div class=\"envira-gallery-position-overlay  envira-gallery-top-left\"><\/div><div class=\"envira-gallery-position-overlay  envira-gallery-top-right\"><\/div><div class=\"envira-gallery-position-overlay  envira-gallery-bottom-left\"><\/div><div class=\"envira-gallery-position-overlay  envira-gallery-bottom-right\"><\/div><a href=\"https:\/\/jorevastudi.com\/wp-content\/uploads\/2022\/01\/esbos-interiorisme.png\" class=\"envira-gallery-1884 envira-gallery-link\" rel=\"enviragallery1884\" title=\"Varietat de materials per a escollir\" data-envira-caption=\"Varietat de materials per a escollir\" data-envira-retina=\"\" data-thumbnail=\"\"  itemprop=\"contentUrl\"><div class=\"envira-lazy\" data-test-width=\"640\" data-test-height=\"480\" style=\"padding-bottom:75%;\"><img decoding=\"async\" id=\"envira-gallery-image-1904\" class=\"envira-gallery-image envira-gallery-image-1\" data-envira-index=\"1\" src=\"https:\/\/jorevastudi.com\/wp-content\/uploads\/2022\/01\/esbos-interiorisme-640x480_c.png\" data-envira-src=\"https:\/\/jorevastudi.com\/wp-content\/uploads\/2022\/01\/esbos-interiorisme-640x480_c.png\" data-envira-gallery-id=\"1884\" data-envira-item-id=\"1904\" data-envira-caption=\"Varietat de materials per a escollir\" alt=\"Varietat de materials per a escollir\" title=\"Varietat de materials per a escollir\"  itemprop=\"thumbnailUrl\" data-envira-srcset=\"https:\/\/jorevastudi.com\/wp-content\/uploads\/2022\/01\/esbos-interiorisme-640x480_c.png 400w,https:\/\/jorevastudi.com\/wp-content\/uploads\/2022\/01\/esbos-interiorisme-640x480_c.png 2x\" srcset=\"data:image\/gif;base64,R0lGODlhAQABAIAAAP\/\/\/\/\/\/\/yH5BAEKAAEALAAAAAABAAEAAAICTAEAOw==\" \/><\/div><\/a><\/div><\/div><div id=\"envira-gallery-item-1903\" class=\"envira-gallery-item enviratope-item envira-gallery-item-2 envira-lazy-load\" style=\"padding-left: 5px; padding-bottom: 10px; padding-right: 5px;\"  itemscope itemtype=\"https:\/\/schema.org\/ImageObject\"><div class=\"envira-gallery-item-inner\"><div class=\"envira-gallery-position-overlay  envira-gallery-top-left\"><\/div><div class=\"envira-gallery-position-overlay  envira-gallery-top-right\"><\/div><div class=\"envira-gallery-position-overlay  envira-gallery-bottom-left\"><\/div><div class=\"envira-gallery-position-overlay  envira-gallery-bottom-right\"><\/div><a href=\"https:\/\/jorevastudi.com\/wp-content\/uploads\/2022\/01\/WhatsApp-Image-2022-01-12-at-7.08.21-PM.jpeg\" class=\"envira-gallery-1884 envira-gallery-link\" rel=\"enviragallery1884\" title=\"M&eacute;s de 1200 m2 d&rsquo;exposici&oacute; per a professionals\" data-envira-caption=\"M&eacute;s de 1200 m2 d&rsquo;exposici&oacute; per a professionals\" data-envira-retina=\"\" data-thumbnail=\"\"  itemprop=\"contentUrl\"><div class=\"envira-lazy\" data-test-width=\"640\" data-test-height=\"480\" style=\"padding-bottom:75%;\"><img decoding=\"async\" id=\"envira-gallery-image-1903\" class=\"envira-gallery-image envira-gallery-image-2\" data-envira-index=\"2\" src=\"https:\/\/jorevastudi.com\/wp-content\/uploads\/2022\/01\/WhatsApp-Image-2022-01-12-at-7.08.21-PM-1024x768-640x480_c.jpeg\" data-envira-src=\"https:\/\/jorevastudi.com\/wp-content\/uploads\/2022\/01\/WhatsApp-Image-2022-01-12-at-7.08.21-PM-1024x768-640x480_c.jpeg\" data-envira-gallery-id=\"1884\" data-envira-item-id=\"1903\" data-envira-caption=\"M&eacute;s de 1200 m2 d&rsquo;exposici&oacute; per a professionals\" alt=\"M\u00e9s de 1200 m2 d\u2019exposici\u00f3 per a professionals\" title=\"M&amp;eacute;s de 1200 m2 d&amp;rsquo;exposici&amp;oacute; per a professionals\"  itemprop=\"thumbnailUrl\" data-envira-srcset=\"https:\/\/jorevastudi.com\/wp-content\/uploads\/2022\/01\/WhatsApp-Image-2022-01-12-at-7.08.21-PM-1024x768-640x480_c.jpeg 400w,https:\/\/jorevastudi.com\/wp-content\/uploads\/2022\/01\/WhatsApp-Image-2022-01-12-at-7.08.21-PM-1024x768-640x480_c.jpeg 2x\" srcset=\"data:image\/gif;base64,R0lGODlhAQABAIAAAP\/\/\/\/\/\/\/yH5BAEKAAEALAAAAAABAAEAAAICTAEAOw==\" \/><\/div><\/a><\/div><\/div><div id=\"envira-gallery-item-1885\" class=\"envira-gallery-item enviratope-item envira-gallery-item-3 envira-lazy-load\" style=\"padding-left: 5px; padding-bottom: 10px; padding-right: 5px;\"  itemscope itemtype=\"https:\/\/schema.org\/ImageObject\"><div class=\"envira-gallery-item-inner\"><div class=\"envira-gallery-position-overlay  envira-gallery-top-left\"><\/div><div class=\"envira-gallery-position-overlay  envira-gallery-top-right\"><\/div><div class=\"envira-gallery-position-overlay  envira-gallery-bottom-left\"><\/div><div class=\"envira-gallery-position-overlay  envira-gallery-bottom-right\"><\/div><a href=\"https:\/\/jorevastudi.com\/wp-content\/uploads\/2022\/01\/pexels-karolina-grabowska-4219527.jpg\" class=\"envira-gallery-1884 envira-gallery-link\" rel=\"enviragallery1884\" title=\"solucions per satisfer les exig&egrave;ncies i necessitats d&rsquo;arquitectes\" data-envira-caption=\"solucions per satisfer les exig&egrave;ncies i necessitats d&rsquo;arquitectes\" data-envira-retina=\"\" data-thumbnail=\"\"  itemprop=\"contentUrl\"><div class=\"envira-lazy\" data-test-width=\"640\" data-test-height=\"480\" style=\"padding-bottom:75%;\"><img decoding=\"async\" id=\"envira-gallery-image-1885\" class=\"envira-gallery-image envira-gallery-image-3\" data-envira-index=\"3\" src=\"https:\/\/jorevastudi.com\/wp-content\/uploads\/2022\/01\/pexels-karolina-grabowska-4219527-640x480_c.jpg\" data-envira-src=\"https:\/\/jorevastudi.com\/wp-content\/uploads\/2022\/01\/pexels-karolina-grabowska-4219527-640x480_c.jpg\" data-envira-gallery-id=\"1884\" data-envira-item-id=\"1885\" data-envira-caption=\"solucions per satisfer les exig&egrave;ncies i necessitats d&rsquo;arquitectes\" alt=\"Servicio para arquitectos, interioristas de materiales y muebles\" title=\"solucions per satisfer les exig&amp;egrave;ncies i necessitats d&amp;rsquo;arquitectes\"  itemprop=\"thumbnailUrl\" data-envira-srcset=\"https:\/\/jorevastudi.com\/wp-content\/uploads\/2022\/01\/pexels-karolina-grabowska-4219527-640x480_c.jpg 400w,https:\/\/jorevastudi.com\/wp-content\/uploads\/2022\/01\/pexels-karolina-grabowska-4219527-640x480_c.jpg 2x\" srcset=\"data:image\/gif;base64,R0lGODlhAQABAIAAAP\/\/\/\/\/\/\/yH5BAEKAAEALAAAAAABAAEAAAICTAEAOw==\" \/><\/div><\/a><\/div><\/div><div id=\"envira-gallery-item-1888\" class=\"envira-gallery-item enviratope-item envira-gallery-item-4 envira-lazy-load\" style=\"padding-left: 5px; padding-bottom: 10px; padding-right: 5px;\"  itemscope itemtype=\"https:\/\/schema.org\/ImageObject\"><div class=\"envira-gallery-item-inner\"><div class=\"envira-gallery-position-overlay  envira-gallery-top-left\"><\/div><div class=\"envira-gallery-position-overlay  envira-gallery-top-right\"><\/div><div class=\"envira-gallery-position-overlay  envira-gallery-bottom-left\"><\/div><div class=\"envira-gallery-position-overlay  envira-gallery-bottom-right\"><\/div><a href=\"https:\/\/jorevastudi.com\/wp-content\/uploads\/2022\/01\/HD27f.jpg\" class=\"envira-gallery-1884 envira-gallery-link\" rel=\"enviragallery1884\" title=\"Exposici&oacute; de cuines de disseny i primeres marques\" data-envira-caption=\"Exposici&oacute; de cuines de disseny i primeres marques\" data-envira-retina=\"\" data-thumbnail=\"\"  itemprop=\"contentUrl\"><div class=\"envira-lazy\" data-test-width=\"640\" data-test-height=\"480\" style=\"padding-bottom:75%;\"><img decoding=\"async\" id=\"envira-gallery-image-1888\" class=\"envira-gallery-image envira-gallery-image-4\" data-envira-index=\"4\" src=\"https:\/\/jorevastudi.com\/wp-content\/uploads\/2022\/01\/HD27f-640x480_c.jpg\" data-envira-src=\"https:\/\/jorevastudi.com\/wp-content\/uploads\/2022\/01\/HD27f-640x480_c.jpg\" data-envira-gallery-id=\"1884\" data-envira-item-id=\"1888\" data-envira-caption=\"Exposici&oacute; de cuines de disseny i primeres marques\" alt=\"Exposici\u00f3 de cuines de disseny i primeres marques\" title=\"Exposici&amp;oacute; de cuines de disseny i primeres marques\"  itemprop=\"thumbnailUrl\" data-envira-srcset=\"https:\/\/jorevastudi.com\/wp-content\/uploads\/2022\/01\/HD27f-640x480_c.jpg 400w,https:\/\/jorevastudi.com\/wp-content\/uploads\/2022\/01\/HD27f-640x480_c.jpg 2x\" srcset=\"data:image\/gif;base64,R0lGODlhAQABAIAAAP\/\/\/\/\/\/\/yH5BAEKAAEALAAAAAABAAEAAAICTAEAOw==\" \/><\/div><\/a><\/div><\/div><div id=\"envira-gallery-item-1886\" class=\"envira-gallery-item enviratope-item envira-gallery-item-5 envira-lazy-load\" style=\"padding-left: 5px; padding-bottom: 10px; padding-right: 5px;\"  itemscope itemtype=\"https:\/\/schema.org\/ImageObject\"><div class=\"envira-gallery-item-inner\"><div class=\"envira-gallery-position-overlay  envira-gallery-top-left\"><\/div><div class=\"envira-gallery-position-overlay  envira-gallery-top-right\"><\/div><div class=\"envira-gallery-position-overlay  envira-gallery-bottom-left\"><\/div><div class=\"envira-gallery-position-overlay  envira-gallery-bottom-right\"><\/div><a href=\"https:\/\/jorevastudi.com\/wp-content\/uploads\/2022\/01\/pexels-thirdman-5584052.jpg\" class=\"envira-gallery-1884 envira-gallery-link\" rel=\"enviragallery1884\" title=\"solucions per satisfer les exig&egrave;ncies i necessitats d&rsquo;interioristes\" data-envira-caption=\"solucions per satisfer les exig&egrave;ncies i necessitats d&rsquo;interioristes\" data-envira-retina=\"\" data-thumbnail=\"\"  itemprop=\"contentUrl\"><div class=\"envira-lazy\" data-test-width=\"640\" data-test-height=\"480\" style=\"padding-bottom:75%;\"><img decoding=\"async\" id=\"envira-gallery-image-1886\" class=\"envira-gallery-image envira-gallery-image-5\" data-envira-index=\"5\" src=\"https:\/\/jorevastudi.com\/wp-content\/uploads\/2022\/01\/pexels-thirdman-5584052-640x480_c.jpg\" data-envira-src=\"https:\/\/jorevastudi.com\/wp-content\/uploads\/2022\/01\/pexels-thirdman-5584052-640x480_c.jpg\" data-envira-gallery-id=\"1884\" data-envira-item-id=\"1886\" data-envira-caption=\"solucions per satisfer les exig&egrave;ncies i necessitats d&rsquo;interioristes\" alt=\"Ayuda para interioristas en materiales, proyectos, soporte, ideas\" title=\"solucions per satisfer les exig&amp;egrave;ncies i necessitats d&amp;rsquo;interioristes\"  itemprop=\"thumbnailUrl\" data-envira-srcset=\"https:\/\/jorevastudi.com\/wp-content\/uploads\/2022\/01\/pexels-thirdman-5584052-640x480_c.jpg 400w,https:\/\/jorevastudi.com\/wp-content\/uploads\/2022\/01\/pexels-thirdman-5584052-640x480_c.jpg 2x\" srcset=\"data:image\/gif;base64,R0lGODlhAQABAIAAAP\/\/\/\/\/\/\/yH5BAEKAAEALAAAAAABAAEAAAICTAEAOw==\" \/><\/div><\/a><\/div><\/div><div id=\"envira-gallery-item-1889\" class=\"envira-gallery-item enviratope-item envira-gallery-item-6 envira-lazy-load\" style=\"padding-left: 5px; padding-bottom: 10px; padding-right: 5px;\"  itemscope itemtype=\"https:\/\/schema.org\/ImageObject\"><div class=\"envira-gallery-item-inner\"><div class=\"envira-gallery-position-overlay  envira-gallery-top-left\"><\/div><div class=\"envira-gallery-position-overlay  envira-gallery-top-right\"><\/div><div class=\"envira-gallery-position-overlay  envira-gallery-bottom-left\"><\/div><div class=\"envira-gallery-position-overlay  envira-gallery-bottom-right\"><\/div><a href=\"https:\/\/jorevastudi.com\/wp-content\/uploads\/2022\/01\/HD30f.jpg\" class=\"envira-gallery-1884 envira-gallery-link\" rel=\"enviragallery1884\" title=\"Materials i acabats per banys de qualitat i disseny\" data-envira-caption=\"Materials i acabats per banys de qualitat i disseny\" data-envira-retina=\"\" data-thumbnail=\"\"  itemprop=\"contentUrl\"><div class=\"envira-lazy\" data-test-width=\"640\" data-test-height=\"480\" style=\"padding-bottom:75%;\"><img decoding=\"async\" id=\"envira-gallery-image-1889\" class=\"envira-gallery-image envira-gallery-image-6\" data-envira-index=\"6\" src=\"https:\/\/jorevastudi.com\/wp-content\/uploads\/2022\/01\/HD30f-640x480_c.jpg\" data-envira-src=\"https:\/\/jorevastudi.com\/wp-content\/uploads\/2022\/01\/HD30f-640x480_c.jpg\" data-envira-gallery-id=\"1884\" data-envira-item-id=\"1889\" data-envira-caption=\"Materials i acabats per banys de qualitat i disseny\" alt=\"Materials i acabats per banys de qualitat i disseny\" title=\"Materials i acabats per banys de qualitat i disseny\"  itemprop=\"thumbnailUrl\" data-envira-srcset=\"https:\/\/jorevastudi.com\/wp-content\/uploads\/2022\/01\/HD30f-640x480_c.jpg 400w,https:\/\/jorevastudi.com\/wp-content\/uploads\/2022\/01\/HD30f-640x480_c.jpg 2x\" srcset=\"data:image\/gif;base64,R0lGODlhAQABAIAAAP\/\/\/\/\/\/\/yH5BAEKAAEALAAAAAABAAEAAAICTAEAOw==\" \/><\/div><\/a><\/div><\/div><\/div><\/div><noscript><img decoding=\"async\" src=\"https:\/\/jorevastudi.com\/wp-content\/uploads\/2022\/01\/esbos-interiorisme.png\" alt=\"Varietat de materials per a escollir\" \/><img decoding=\"async\" src=\"https:\/\/jorevastudi.com\/wp-content\/uploads\/2022\/01\/WhatsApp-Image-2022-01-12-at-7.08.21-PM.jpeg\" alt=\"M\u00e9s de 1200 m2 d\u2019exposici\u00f3 per a professionals\" \/><img decoding=\"async\" src=\"https:\/\/jorevastudi.com\/wp-content\/uploads\/2022\/01\/pexels-karolina-grabowska-4219527.jpg\" alt=\"Servicio para arquitectos, interioristas de materiales y muebles\" \/><img decoding=\"async\" src=\"https:\/\/jorevastudi.com\/wp-content\/uploads\/2022\/01\/HD27f.jpg\" alt=\"Exposici\u00f3 de cuines de disseny i primeres marques\" \/><img decoding=\"async\" src=\"https:\/\/jorevastudi.com\/wp-content\/uploads\/2022\/01\/pexels-thirdman-5584052.jpg\" alt=\"Ayuda para interioristas en materiales, proyectos, soporte, ideas\" \/><img decoding=\"async\" src=\"https:\/\/jorevastudi.com\/wp-content\/uploads\/2022\/01\/HD30f.jpg\" alt=\"Materials i acabats per banys de qualitat i disseny\" \/><\/noscript>\n\n\n\n<p><\/p>\n\n\n\n<p class=\"has-text-color\" style=\"color:#545252\">Si vols m\u00e9s informaci\u00f3 sobre el servei d\u2019interiorisme o projectes de reforma et pots posar en contacte\u00a0<a href=\"https:\/\/jorevastudi.com\/index.php\/contacte\/\" target=\"_blank\" rel=\"noreferrer noopener\"><strong>AQU\u00cd\u00a0<\/strong><\/a>o ens pots venir a veure al\u00a0<a href=\"https:\/\/www.google.com\/maps\/place\/JOREVA+estudi+SL\/@41.6997299,2.2857444,15z\/data=!4m2!3m1!1s0x0:0x827571d33d56ea2f?sa=X&amp;ved=2ahUKEwig2MSAk9z1AhVsh_0HHfrcB6sQ_BJ6BAghEAU\" target=\"_blank\" rel=\"noreferrer noopener\"><strong>nostre showroom<\/strong><\/a>\u00a0de La Garriga.<\/p>\n","protected":false},"excerpt":{"rendered":"<p>Oferim m\u00faltiples solucions per a arquitectes, interioristes, decoradors, professionals de la reforma de vivendes o locals comercials<\/p>\n","protected":false},"author":3,"featured_media":0,"parent":0,"menu_order":0,"comment_status":"closed","ping_status":"closed","template":"template-fullwidth.php","meta":{"footnotes":""},"class_list":["post-26","page","type-page","status-publish","hentry"],"yoast_head":"<!-- This site is optimized with the Yoast SEO plugin v27.6 - https:\/\/yoast.com\/product\/yoast-seo-wordpress\/ -->\n<title>PER A PROFESSIONALS - Joreva interiorismo la garriga<\/title>\n<meta name=\"description\" content=\"Oferim serveis per a professionals com arquitectes, interioristes, decoradors, professionals de la reforma de vivendes o locals comercials.\" \/>\n<meta name=\"robots\" content=\"index, follow, max-snippet:-1, max-image-preview:large, max-video-preview:-1\" \/>\n<link rel=\"canonical\" href=\"https:\/\/jorevastudi.com\/index.php\/per-a-professionals\/\" \/>\n<meta property=\"og:locale\" content=\"ca_ES\" \/>\n<meta property=\"og:type\" content=\"article\" \/>\n<meta property=\"og:title\" content=\"PER A PROFESSIONALS - Joreva interiorismo la garriga\" \/>\n<meta property=\"og:description\" content=\"Oferim serveis per a professionals com arquitectes, interioristes, decoradors, professionals de la reforma de vivendes o locals comercials.\" \/>\n<meta property=\"og:url\" content=\"https:\/\/jorevastudi.com\/index.php\/per-a-professionals\/\" \/>\n<meta property=\"og:site_name\" content=\"Joreva interiorismo la garriga\" \/>\n<meta property=\"article:modified_time\" content=\"2022-02-02T09:20:22+00:00\" \/>\n<meta name=\"twitter:card\" content=\"summary_large_image\" \/>\n<meta name=\"twitter:label1\" content=\"Temps estimat de lectura\" \/>\n\t<meta name=\"twitter:data1\" content=\"2 minuts\" \/>\n<script type=\"application\/ld+json\" class=\"yoast-schema-graph\">{\"@context\":\"https:\\\/\\\/schema.org\",\"@graph\":[{\"@type\":\"WebPage\",\"@id\":\"https:\\\/\\\/jorevastudi.com\\\/index.php\\\/per-a-professionals\\\/\",\"url\":\"https:\\\/\\\/jorevastudi.com\\\/index.php\\\/per-a-professionals\\\/\",\"name\":\"PER A PROFESSIONALS - Joreva interiorismo la garriga\",\"isPartOf\":{\"@id\":\"https:\\\/\\\/jorevastudi.com\\\/#website\"},\"datePublished\":\"2016-02-12T08:13:33+00:00\",\"dateModified\":\"2022-02-02T09:20:22+00:00\",\"description\":\"Oferim serveis per a professionals com arquitectes, interioristes, decoradors, professionals de la reforma de vivendes o locals comercials.\",\"breadcrumb\":{\"@id\":\"https:\\\/\\\/jorevastudi.com\\\/index.php\\\/per-a-professionals\\\/#breadcrumb\"},\"inLanguage\":\"ca\",\"potentialAction\":[{\"@type\":\"ReadAction\",\"target\":[\"https:\\\/\\\/jorevastudi.com\\\/index.php\\\/per-a-professionals\\\/\"]}]},{\"@type\":\"BreadcrumbList\",\"@id\":\"https:\\\/\\\/jorevastudi.com\\\/index.php\\\/per-a-professionals\\\/#breadcrumb\",\"itemListElement\":[{\"@type\":\"ListItem\",\"position\":1,\"name\":\"Inici\",\"item\":\"https:\\\/\\\/jorevastudi.com\\\/\"},{\"@type\":\"ListItem\",\"position\":2,\"name\":\"PER A PROFESSIONALS\"}]},{\"@type\":\"WebSite\",\"@id\":\"https:\\\/\\\/jorevastudi.com\\\/#website\",\"url\":\"https:\\\/\\\/jorevastudi.com\\\/\",\"name\":\"Joreva interiorismo la garriga\",\"description\":\"estudio de interiorismo, proyectos de reforma, tienda de muebles de dise\u00f1o de primeras marcas en granollers\",\"publisher\":{\"@id\":\"https:\\\/\\\/jorevastudi.com\\\/#organization\"},\"potentialAction\":[{\"@type\":\"SearchAction\",\"target\":{\"@type\":\"EntryPoint\",\"urlTemplate\":\"https:\\\/\\\/jorevastudi.com\\\/?s={search_term_string}\"},\"query-input\":{\"@type\":\"PropertyValueSpecification\",\"valueRequired\":true,\"valueName\":\"search_term_string\"}}],\"inLanguage\":\"ca\"},{\"@type\":\"Organization\",\"@id\":\"https:\\\/\\\/jorevastudi.com\\\/#organization\",\"name\":\"Joreva interiorismo la garriga\",\"url\":\"https:\\\/\\\/jorevastudi.com\\\/\",\"logo\":{\"@type\":\"ImageObject\",\"inLanguage\":\"ca\",\"@id\":\"https:\\\/\\\/jorevastudi.com\\\/#\\\/schema\\\/logo\\\/image\\\/\",\"url\":\"https:\\\/\\\/jorevastudi.com\\\/wp-content\\\/uploads\\\/2022\\\/01\\\/cropped-LOGOHRJoreva-1.png\",\"contentUrl\":\"https:\\\/\\\/jorevastudi.com\\\/wp-content\\\/uploads\\\/2022\\\/01\\\/cropped-LOGOHRJoreva-1.png\",\"width\":200,\"height\":45,\"caption\":\"Joreva interiorismo la garriga\"},\"image\":{\"@id\":\"https:\\\/\\\/jorevastudi.com\\\/#\\\/schema\\\/logo\\\/image\\\/\"}}]}<\/script>\n<!-- \/ Yoast SEO plugin. -->","yoast_head_json":{"title":"PER A PROFESSIONALS - Joreva interiorismo la garriga","description":"Oferim serveis per a professionals com arquitectes, interioristes, decoradors, professionals de la reforma de vivendes o locals comercials.","robots":{"index":"index","follow":"follow","max-snippet":"max-snippet:-1","max-image-preview":"max-image-preview:large","max-video-preview":"max-video-preview:-1"},"canonical":"https:\/\/jorevastudi.com\/index.php\/per-a-professionals\/","og_locale":"ca_ES","og_type":"article","og_title":"PER A PROFESSIONALS - Joreva interiorismo la garriga","og_description":"Oferim serveis per a professionals com arquitectes, interioristes, decoradors, professionals de la reforma de vivendes o locals comercials.","og_url":"https:\/\/jorevastudi.com\/index.php\/per-a-professionals\/","og_site_name":"Joreva interiorismo la garriga","article_modified_time":"2022-02-02T09:20:22+00:00","twitter_card":"summary_large_image","twitter_misc":{"Temps estimat de lectura":"2 minuts"},"schema":{"@context":"https:\/\/schema.org","@graph":[{"@type":"WebPage","@id":"https:\/\/jorevastudi.com\/index.php\/per-a-professionals\/","url":"https:\/\/jorevastudi.com\/index.php\/per-a-professionals\/","name":"PER A PROFESSIONALS - Joreva interiorismo la garriga","isPartOf":{"@id":"https:\/\/jorevastudi.com\/#website"},"datePublished":"2016-02-12T08:13:33+00:00","dateModified":"2022-02-02T09:20:22+00:00","description":"Oferim serveis per a professionals com arquitectes, interioristes, decoradors, professionals de la reforma de vivendes o locals comercials.","breadcrumb":{"@id":"https:\/\/jorevastudi.com\/index.php\/per-a-professionals\/#breadcrumb"},"inLanguage":"ca","potentialAction":[{"@type":"ReadAction","target":["https:\/\/jorevastudi.com\/index.php\/per-a-professionals\/"]}]},{"@type":"BreadcrumbList","@id":"https:\/\/jorevastudi.com\/index.php\/per-a-professionals\/#breadcrumb","itemListElement":[{"@type":"ListItem","position":1,"name":"Inici","item":"https:\/\/jorevastudi.com\/"},{"@type":"ListItem","position":2,"name":"PER A PROFESSIONALS"}]},{"@type":"WebSite","@id":"https:\/\/jorevastudi.com\/#website","url":"https:\/\/jorevastudi.com\/","name":"Joreva interiorismo la garriga","description":"estudio de interiorismo, proyectos de reforma, tienda de muebles de dise\u00f1o de primeras marcas en granollers","publisher":{"@id":"https:\/\/jorevastudi.com\/#organization"},"potentialAction":[{"@type":"SearchAction","target":{"@type":"EntryPoint","urlTemplate":"https:\/\/jorevastudi.com\/?s={search_term_string}"},"query-input":{"@type":"PropertyValueSpecification","valueRequired":true,"valueName":"search_term_string"}}],"inLanguage":"ca"},{"@type":"Organization","@id":"https:\/\/jorevastudi.com\/#organization","name":"Joreva interiorismo la garriga","url":"https:\/\/jorevastudi.com\/","logo":{"@type":"ImageObject","inLanguage":"ca","@id":"https:\/\/jorevastudi.com\/#\/schema\/logo\/image\/","url":"https:\/\/jorevastudi.com\/wp-content\/uploads\/2022\/01\/cropped-LOGOHRJoreva-1.png","contentUrl":"https:\/\/jorevastudi.com\/wp-content\/uploads\/2022\/01\/cropped-LOGOHRJoreva-1.png","width":200,"height":45,"caption":"Joreva interiorismo la garriga"},"image":{"@id":"https:\/\/jorevastudi.com\/#\/schema\/logo\/image\/"}}]}},"_links":{"self":[{"href":"https:\/\/jorevastudi.com\/index.php\/wp-json\/wp\/v2\/pages\/26","targetHints":{"allow":["GET"]}}],"collection":[{"href":"https:\/\/jorevastudi.com\/index.php\/wp-json\/wp\/v2\/pages"}],"about":[{"href":"https:\/\/jorevastudi.com\/index.php\/wp-json\/wp\/v2\/types\/page"}],"author":[{"embeddable":true,"href":"https:\/\/jorevastudi.com\/index.php\/wp-json\/wp\/v2\/users\/3"}],"replies":[{"embeddable":true,"href":"https:\/\/jorevastudi.com\/index.php\/wp-json\/wp\/v2\/comments?post=26"}],"version-history":[{"count":10,"href":"https:\/\/jorevastudi.com\/index.php\/wp-json\/wp\/v2\/pages\/26\/revisions"}],"predecessor-version":[{"id":1978,"href":"https:\/\/jorevastudi.com\/index.php\/wp-json\/wp\/v2\/pages\/26\/revisions\/1978"}],"wp:attachment":[{"href":"https:\/\/jorevastudi.com\/index.php\/wp-json\/wp\/v2\/media?parent=26"}],"curies":[{"name":"wp","href":"https:\/\/api.w.org\/{rel}","templated":true}]}}