{"id":23,"date":"2016-02-12T08:12:49","date_gmt":"2016-02-12T08:12:49","guid":{"rendered":"http:\/\/demos.famethemes.com\/onepress\/?page_id=23"},"modified":"2022-02-02T09:11:51","modified_gmt":"2022-02-02T09:11:51","slug":"servei-interiorisme","status":"publish","type":"page","link":"https:\/\/jorevastudi.com\/index.php\/servei-interiorisme\/","title":{"rendered":"Servei interiorisme"},"content":{"rendered":"\n<div style=\"height:41px\" aria-hidden=\"true\" class=\"wp-block-spacer\"><\/div>\n\n\n\n<p class=\"has-text-color\" style=\"color:#545252\">El nostre <strong>servei interiorisme<\/strong> \u00e9s una manera f\u00e0cil, menys agobiant, de portar el disseny interior a casa teva. A m\u00e9s tindr\u00e0s a l\u2019abast una gama ampl\u00edssima d\u2019elements d\u2019on triar, des de peces atemporals fins a atractius ambients contemporanis. T&#8217;ajudarem a trobar el moble i complement m\u00e9s adecuat per a cada espai.<\/p>\n\n\n\n<p class=\"has-text-color\" style=\"color:#545252\">Un dels nostres interioristes ser\u00e0 al teu costat per fer de casa teva la millor versi\u00f3 posible, sense que aquest assessorament suposi un cost descoratjador. Estudiarem el llum, els colors, l&#8217;espai .. per crear l&#8217;ambient perfecte. Podem crear qualsevol projecte d&#8217;interiorisme des de 0 fins l&#8217;entrega, muntatge i revisi\u00f3 final.<\/p>\n\n\n\n<p class=\"has-text-color\" style=\"color:#545252\">Si est\u00e0s pensant en redecorar un espai, crear un projecte nou per casa teva, decorar un nou espai -tant si es tracta d\u2019una sola habitaci\u00f3, dues o deu- disposem de totes les eines que necessites.<\/p>\n\n\n\n<hr class=\"wp-block-separator\"\/>\n\n\n<div id=\"envira-gallery-wrap-1830\" class=\"envira-gallery-wrap envira-gallery-theme-base envira-lightbox-theme-base\" itemscope itemtype=\"https:\/\/schema.org\/ImageGallery\"><div data-row-height=\"\" data-gallery-theme=\"\" id=\"envira-gallery-1830\" class=\"envira-gallery-public  envira-gallery-2-columns envira-clear enviratope envira-gallery-css-animations\" data-envira-columns=\"2\"><div id=\"envira-gallery-item-1831\" class=\"envira-gallery-item enviratope-item envira-gallery-item-1 envira-lazy-load\" style=\"padding-left: 5px; padding-bottom: 10px; padding-right: 5px;\"  itemscope itemtype=\"https:\/\/schema.org\/ImageObject\"><div class=\"envira-gallery-item-inner\"><div class=\"envira-gallery-position-overlay  envira-gallery-top-left\"><\/div><div class=\"envira-gallery-position-overlay  envira-gallery-top-right\"><\/div><div class=\"envira-gallery-position-overlay  envira-gallery-bottom-left\"><\/div><div class=\"envira-gallery-position-overlay  envira-gallery-bottom-right\"><\/div><a href=\"https:\/\/jorevastudi.com\/wp-content\/uploads\/2022\/01\/329_meier-architekten_zurich_08.jpg\" class=\"envira-gallery-1830 envira-gallery-link\" rel=\"enviragallery1830\" title=\"Interiorisme sala d&amp;#039;estar\" data-envira-caption=\"Interiorisme sala d&amp;#039;estar\" data-envira-retina=\"\" data-thumbnail=\"\"  itemprop=\"contentUrl\"><div class=\"envira-lazy\" data-test-width=\"640\" data-test-height=\"480\" style=\"padding-bottom:75%;\"><img decoding=\"async\" id=\"envira-gallery-image-1831\" class=\"envira-gallery-image envira-gallery-image-1\" data-envira-index=\"1\" src=\"https:\/\/jorevastudi.com\/wp-content\/uploads\/2022\/01\/329_meier-architekten_zurich_08-640x480_c.jpg\" data-envira-src=\"https:\/\/jorevastudi.com\/wp-content\/uploads\/2022\/01\/329_meier-architekten_zurich_08-640x480_c.jpg\" data-envira-gallery-id=\"1830\" data-envira-item-id=\"1831\" data-envira-caption=\"Interiorisme sala d&amp;#039;estar\" alt=\"Interiorisme sala d&#039;estar\" title=\"Interiorisme sala d&amp;amp;#039;estar\"  itemprop=\"thumbnailUrl\" data-envira-srcset=\"https:\/\/jorevastudi.com\/wp-content\/uploads\/2022\/01\/329_meier-architekten_zurich_08-640x480_c.jpg 400w,https:\/\/jorevastudi.com\/wp-content\/uploads\/2022\/01\/329_meier-architekten_zurich_08-640x480_c.jpg 2x\" srcset=\"data:image\/gif;base64,R0lGODlhAQABAIAAAP\/\/\/\/\/\/\/yH5BAEKAAEALAAAAAABAAEAAAICTAEAOw==\" \/><\/div><\/a><\/div><\/div><div id=\"envira-gallery-item-1832\" class=\"envira-gallery-item enviratope-item envira-gallery-item-2 envira-lazy-load\" style=\"padding-left: 5px; padding-bottom: 10px; padding-right: 5px;\"  itemscope itemtype=\"https:\/\/schema.org\/ImageObject\"><div class=\"envira-gallery-item-inner\"><div class=\"envira-gallery-position-overlay  envira-gallery-top-left\"><\/div><div class=\"envira-gallery-position-overlay  envira-gallery-top-right\"><\/div><div class=\"envira-gallery-position-overlay  envira-gallery-bottom-left\"><\/div><div class=\"envira-gallery-position-overlay  envira-gallery-bottom-right\"><\/div><a href=\"https:\/\/jorevastudi.com\/wp-content\/uploads\/2022\/01\/Captura-de-pantalla-2021-07-28-184825.png\" class=\"envira-gallery-1830 envira-gallery-link\" rel=\"enviragallery1830\" title=\"Interiorisme exterior vivienda\" data-envira-caption=\"Interiorisme exterior vivienda\" data-envira-retina=\"\" data-thumbnail=\"\"  itemprop=\"contentUrl\"><div class=\"envira-lazy\" data-test-width=\"640\" data-test-height=\"480\" style=\"padding-bottom:75%;\"><img decoding=\"async\" id=\"envira-gallery-image-1832\" class=\"envira-gallery-image envira-gallery-image-2\" data-envira-index=\"2\" src=\"https:\/\/jorevastudi.com\/wp-content\/uploads\/2022\/01\/Captura-de-pantalla-2021-07-28-184825-640x480_c.png\" data-envira-src=\"https:\/\/jorevastudi.com\/wp-content\/uploads\/2022\/01\/Captura-de-pantalla-2021-07-28-184825-640x480_c.png\" data-envira-gallery-id=\"1830\" data-envira-item-id=\"1832\" data-envira-caption=\"Interiorisme exterior vivienda\" alt=\"Interiorisme exterior vivienda\" title=\"Interiorisme exterior vivienda\"  itemprop=\"thumbnailUrl\" data-envira-srcset=\"https:\/\/jorevastudi.com\/wp-content\/uploads\/2022\/01\/Captura-de-pantalla-2021-07-28-184825-640x480_c.png 400w,https:\/\/jorevastudi.com\/wp-content\/uploads\/2022\/01\/Captura-de-pantalla-2021-07-28-184825-640x480_c.png 2x\" srcset=\"data:image\/gif;base64,R0lGODlhAQABAIAAAP\/\/\/\/\/\/\/yH5BAEKAAEALAAAAAABAAEAAAICTAEAOw==\" \/><\/div><\/a><\/div><\/div><div id=\"envira-gallery-item-1833\" class=\"envira-gallery-item enviratope-item envira-gallery-item-3 envira-lazy-load\" style=\"padding-left: 5px; padding-bottom: 10px; padding-right: 5px;\"  itemscope itemtype=\"https:\/\/schema.org\/ImageObject\"><div class=\"envira-gallery-item-inner\"><div class=\"envira-gallery-position-overlay  envira-gallery-top-left\"><\/div><div class=\"envira-gallery-position-overlay  envira-gallery-top-right\"><\/div><div class=\"envira-gallery-position-overlay  envira-gallery-bottom-left\"><\/div><div class=\"envira-gallery-position-overlay  envira-gallery-bottom-right\"><\/div><a href=\"https:\/\/jorevastudi.com\/wp-content\/uploads\/2022\/01\/HD1.2.jpg\" class=\"envira-gallery-1830 envira-gallery-link\" rel=\"enviragallery1830\" title=\"Interiorisme sala d&amp;#039;estar\" data-envira-caption=\"Interiorisme sala d&amp;#039;estar\" data-envira-retina=\"\" data-thumbnail=\"\"  itemprop=\"contentUrl\"><div class=\"envira-lazy\" data-test-width=\"640\" data-test-height=\"480\" style=\"padding-bottom:75%;\"><img decoding=\"async\" id=\"envira-gallery-image-1833\" class=\"envira-gallery-image envira-gallery-image-3\" data-envira-index=\"3\" src=\"https:\/\/jorevastudi.com\/wp-content\/uploads\/2022\/01\/HD1.2-640x480_c.jpg\" data-envira-src=\"https:\/\/jorevastudi.com\/wp-content\/uploads\/2022\/01\/HD1.2-640x480_c.jpg\" data-envira-gallery-id=\"1830\" data-envira-item-id=\"1833\" data-envira-caption=\"Interiorisme sala d&amp;#039;estar\" alt=\"Interiorisme sala d&#039;estar\" title=\"Interiorisme sala d&amp;amp;#039;estar\"  itemprop=\"thumbnailUrl\" data-envira-srcset=\"https:\/\/jorevastudi.com\/wp-content\/uploads\/2022\/01\/HD1.2-640x480_c.jpg 400w,https:\/\/jorevastudi.com\/wp-content\/uploads\/2022\/01\/HD1.2-640x480_c.jpg 2x\" srcset=\"data:image\/gif;base64,R0lGODlhAQABAIAAAP\/\/\/\/\/\/\/yH5BAEKAAEALAAAAAABAAEAAAICTAEAOw==\" \/><\/div><\/a><\/div><\/div><div id=\"envira-gallery-item-1834\" class=\"envira-gallery-item enviratope-item envira-gallery-item-4 envira-lazy-load\" style=\"padding-left: 5px; padding-bottom: 10px; padding-right: 5px;\"  itemscope itemtype=\"https:\/\/schema.org\/ImageObject\"><div class=\"envira-gallery-item-inner\"><div class=\"envira-gallery-position-overlay  envira-gallery-top-left\"><\/div><div class=\"envira-gallery-position-overlay  envira-gallery-top-right\"><\/div><div class=\"envira-gallery-position-overlay  envira-gallery-bottom-left\"><\/div><div class=\"envira-gallery-position-overlay  envira-gallery-bottom-right\"><\/div><a href=\"https:\/\/jorevastudi.com\/wp-content\/uploads\/2022\/01\/Lamparas-de-suspension-Globo-Cesta-Globo-Cesta-4583-x1700.jpg\" class=\"envira-gallery-1830 envira-gallery-link\" rel=\"enviragallery1830\" title=\"Dormitoris\" data-envira-caption=\"Dormitoris\" data-envira-retina=\"\" data-thumbnail=\"\"  itemprop=\"contentUrl\"><div class=\"envira-lazy\" data-test-width=\"640\" data-test-height=\"480\" style=\"padding-bottom:75%;\"><img decoding=\"async\" id=\"envira-gallery-image-1834\" class=\"envira-gallery-image envira-gallery-image-4\" data-envira-index=\"4\" src=\"https:\/\/jorevastudi.com\/wp-content\/uploads\/2022\/01\/Lamparas-de-suspension-Globo-Cesta-Globo-Cesta-4583-x1700-640x480_c.jpg\" data-envira-src=\"https:\/\/jorevastudi.com\/wp-content\/uploads\/2022\/01\/Lamparas-de-suspension-Globo-Cesta-Globo-Cesta-4583-x1700-640x480_c.jpg\" data-envira-gallery-id=\"1830\" data-envira-item-id=\"1834\" data-envira-caption=\"Dormitoris\" alt=\"Dormitoris\" title=\"Dormitoris\"  itemprop=\"thumbnailUrl\" data-envira-srcset=\"https:\/\/jorevastudi.com\/wp-content\/uploads\/2022\/01\/Lamparas-de-suspension-Globo-Cesta-Globo-Cesta-4583-x1700-640x480_c.jpg 400w,https:\/\/jorevastudi.com\/wp-content\/uploads\/2022\/01\/Lamparas-de-suspension-Globo-Cesta-Globo-Cesta-4583-x1700-640x480_c.jpg 2x\" srcset=\"data:image\/gif;base64,R0lGODlhAQABAIAAAP\/\/\/\/\/\/\/yH5BAEKAAEALAAAAAABAAEAAAICTAEAOw==\" \/><\/div><\/a><\/div><\/div><\/div><\/div><noscript><img decoding=\"async\" src=\"https:\/\/jorevastudi.com\/wp-content\/uploads\/2022\/01\/329_meier-architekten_zurich_08.jpg\" alt=\"Interiorisme sala d&#039;estar\" \/><img decoding=\"async\" src=\"https:\/\/jorevastudi.com\/wp-content\/uploads\/2022\/01\/Captura-de-pantalla-2021-07-28-184825.png\" alt=\"Interiorisme exterior vivienda\" \/><img decoding=\"async\" src=\"https:\/\/jorevastudi.com\/wp-content\/uploads\/2022\/01\/HD1.2.jpg\" alt=\"Interiorisme sala d&#039;estar\" \/><img decoding=\"async\" src=\"https:\/\/jorevastudi.com\/wp-content\/uploads\/2022\/01\/Lamparas-de-suspension-Globo-Cesta-Globo-Cesta-4583-x1700.jpg\" alt=\"Dormitoris\" \/><\/noscript>\n\n\n\n<p><\/p>\n\n\n\n<p class=\"has-text-color\" style=\"color:#545252\"> Si vols m\u00e9s informaci\u00f3 sobre el servei d\u2019interiorisme o projectes de reforma et pots posar en contacte <a href=\"https:\/\/jorevastudi.com\/index.php\/contacte\/\" target=\"_blank\" rel=\"noreferrer noopener\"><strong>AQU\u00cd\u00a0<\/strong><\/a>o ens pots venir a veure al\u00a0<a href=\"https:\/\/www.google.com\/maps\/place\/JOREVA+estudi+SL\/@41.6997299,2.2857444,15z\/data=!4m2!3m1!1s0x0:0x827571d33d56ea2f?sa=X&amp;ved=2ahUKEwig2MSAk9z1AhVsh_0HHfrcB6sQ_BJ6BAghEAU\" target=\"_blank\" rel=\"noreferrer noopener\"><strong>nostre showroom<\/strong><\/a> de La Garriga.<\/p>\n","protected":false},"excerpt":{"rendered":"<p>El nostre servei d&#8217;interiorisme t&#8217;ajudar\u00e0 a portar a casa l&#8217;espai que busques. Dissenyem per tu la vivienda ideal.<\/p>\n","protected":false},"author":3,"featured_media":0,"parent":0,"menu_order":0,"comment_status":"closed","ping_status":"closed","template":"template-fullwidth.php","meta":{"footnotes":""},"class_list":["post-23","page","type-page","status-publish","hentry"],"yoast_head":"<!-- This site is optimized with the Yoast SEO plugin v27.4 - https:\/\/yoast.com\/product\/yoast-seo-wordpress\/ -->\n<title>Servei interiorisme - Joreva interiorismo la garriga<\/title>\n<meta name=\"description\" content=\"El nostre servei interiorisme est\u00e0 pensat per poder crear i decorar l&#039;espai que busques segons els mobles i complements ideals.\" \/>\n<meta name=\"robots\" content=\"index, follow, max-snippet:-1, max-image-preview:large, max-video-preview:-1\" \/>\n<link rel=\"canonical\" href=\"https:\/\/jorevastudi.com\/index.php\/servei-interiorisme\/\" \/>\n<meta property=\"og:locale\" content=\"ca_ES\" \/>\n<meta property=\"og:type\" content=\"article\" \/>\n<meta property=\"og:title\" content=\"Servei interiorisme - Joreva interiorismo la garriga\" \/>\n<meta property=\"og:description\" content=\"El nostre servei interiorisme est\u00e0 pensat per poder crear i decorar l&#039;espai que busques segons els mobles i complements ideals.\" \/>\n<meta property=\"og:url\" content=\"https:\/\/jorevastudi.com\/index.php\/servei-interiorisme\/\" \/>\n<meta property=\"og:site_name\" content=\"Joreva interiorismo la garriga\" \/>\n<meta property=\"article:modified_time\" content=\"2022-02-02T09:11:51+00:00\" \/>\n<meta name=\"twitter:card\" content=\"summary_large_image\" \/>\n<meta name=\"twitter:label1\" content=\"Temps estimat de lectura\" \/>\n\t<meta name=\"twitter:data1\" content=\"1 minut\" \/>\n<script type=\"application\/ld+json\" class=\"yoast-schema-graph\">{\"@context\":\"https:\\\/\\\/schema.org\",\"@graph\":[{\"@type\":\"WebPage\",\"@id\":\"https:\\\/\\\/jorevastudi.com\\\/index.php\\\/servei-interiorisme\\\/\",\"url\":\"https:\\\/\\\/jorevastudi.com\\\/index.php\\\/servei-interiorisme\\\/\",\"name\":\"Servei interiorisme - Joreva interiorismo la garriga\",\"isPartOf\":{\"@id\":\"https:\\\/\\\/jorevastudi.com\\\/#website\"},\"datePublished\":\"2016-02-12T08:12:49+00:00\",\"dateModified\":\"2022-02-02T09:11:51+00:00\",\"description\":\"El nostre servei interiorisme est\u00e0 pensat per poder crear i decorar l'espai que busques segons els mobles i complements ideals.\",\"breadcrumb\":{\"@id\":\"https:\\\/\\\/jorevastudi.com\\\/index.php\\\/servei-interiorisme\\\/#breadcrumb\"},\"inLanguage\":\"ca\",\"potentialAction\":[{\"@type\":\"ReadAction\",\"target\":[\"https:\\\/\\\/jorevastudi.com\\\/index.php\\\/servei-interiorisme\\\/\"]}]},{\"@type\":\"BreadcrumbList\",\"@id\":\"https:\\\/\\\/jorevastudi.com\\\/index.php\\\/servei-interiorisme\\\/#breadcrumb\",\"itemListElement\":[{\"@type\":\"ListItem\",\"position\":1,\"name\":\"Inici\",\"item\":\"https:\\\/\\\/jorevastudi.com\\\/\"},{\"@type\":\"ListItem\",\"position\":2,\"name\":\"Servei interiorisme\"}]},{\"@type\":\"WebSite\",\"@id\":\"https:\\\/\\\/jorevastudi.com\\\/#website\",\"url\":\"https:\\\/\\\/jorevastudi.com\\\/\",\"name\":\"Joreva interiorismo la garriga\",\"description\":\"estudio de interiorismo, proyectos de reforma, tienda de muebles de dise\u00f1o de primeras marcas en granollers\",\"publisher\":{\"@id\":\"https:\\\/\\\/jorevastudi.com\\\/#organization\"},\"potentialAction\":[{\"@type\":\"SearchAction\",\"target\":{\"@type\":\"EntryPoint\",\"urlTemplate\":\"https:\\\/\\\/jorevastudi.com\\\/?s={search_term_string}\"},\"query-input\":{\"@type\":\"PropertyValueSpecification\",\"valueRequired\":true,\"valueName\":\"search_term_string\"}}],\"inLanguage\":\"ca\"},{\"@type\":\"Organization\",\"@id\":\"https:\\\/\\\/jorevastudi.com\\\/#organization\",\"name\":\"Joreva interiorismo la garriga\",\"url\":\"https:\\\/\\\/jorevastudi.com\\\/\",\"logo\":{\"@type\":\"ImageObject\",\"inLanguage\":\"ca\",\"@id\":\"https:\\\/\\\/jorevastudi.com\\\/#\\\/schema\\\/logo\\\/image\\\/\",\"url\":\"https:\\\/\\\/jorevastudi.com\\\/wp-content\\\/uploads\\\/2022\\\/01\\\/cropped-LOGOHRJoreva-1.png\",\"contentUrl\":\"https:\\\/\\\/jorevastudi.com\\\/wp-content\\\/uploads\\\/2022\\\/01\\\/cropped-LOGOHRJoreva-1.png\",\"width\":200,\"height\":45,\"caption\":\"Joreva interiorismo la garriga\"},\"image\":{\"@id\":\"https:\\\/\\\/jorevastudi.com\\\/#\\\/schema\\\/logo\\\/image\\\/\"}}]}<\/script>\n<!-- \/ Yoast SEO plugin. -->","yoast_head_json":{"title":"Servei interiorisme - Joreva interiorismo la garriga","description":"El nostre servei interiorisme est\u00e0 pensat per poder crear i decorar l'espai que busques segons els mobles i complements ideals.","robots":{"index":"index","follow":"follow","max-snippet":"max-snippet:-1","max-image-preview":"max-image-preview:large","max-video-preview":"max-video-preview:-1"},"canonical":"https:\/\/jorevastudi.com\/index.php\/servei-interiorisme\/","og_locale":"ca_ES","og_type":"article","og_title":"Servei interiorisme - Joreva interiorismo la garriga","og_description":"El nostre servei interiorisme est\u00e0 pensat per poder crear i decorar l'espai que busques segons els mobles i complements ideals.","og_url":"https:\/\/jorevastudi.com\/index.php\/servei-interiorisme\/","og_site_name":"Joreva interiorismo la garriga","article_modified_time":"2022-02-02T09:11:51+00:00","twitter_card":"summary_large_image","twitter_misc":{"Temps estimat de lectura":"1 minut"},"schema":{"@context":"https:\/\/schema.org","@graph":[{"@type":"WebPage","@id":"https:\/\/jorevastudi.com\/index.php\/servei-interiorisme\/","url":"https:\/\/jorevastudi.com\/index.php\/servei-interiorisme\/","name":"Servei interiorisme - Joreva interiorismo la garriga","isPartOf":{"@id":"https:\/\/jorevastudi.com\/#website"},"datePublished":"2016-02-12T08:12:49+00:00","dateModified":"2022-02-02T09:11:51+00:00","description":"El nostre servei interiorisme est\u00e0 pensat per poder crear i decorar l'espai que busques segons els mobles i complements ideals.","breadcrumb":{"@id":"https:\/\/jorevastudi.com\/index.php\/servei-interiorisme\/#breadcrumb"},"inLanguage":"ca","potentialAction":[{"@type":"ReadAction","target":["https:\/\/jorevastudi.com\/index.php\/servei-interiorisme\/"]}]},{"@type":"BreadcrumbList","@id":"https:\/\/jorevastudi.com\/index.php\/servei-interiorisme\/#breadcrumb","itemListElement":[{"@type":"ListItem","position":1,"name":"Inici","item":"https:\/\/jorevastudi.com\/"},{"@type":"ListItem","position":2,"name":"Servei interiorisme"}]},{"@type":"WebSite","@id":"https:\/\/jorevastudi.com\/#website","url":"https:\/\/jorevastudi.com\/","name":"Joreva interiorismo la garriga","description":"estudio de interiorismo, proyectos de reforma, tienda de muebles de dise\u00f1o de primeras marcas en granollers","publisher":{"@id":"https:\/\/jorevastudi.com\/#organization"},"potentialAction":[{"@type":"SearchAction","target":{"@type":"EntryPoint","urlTemplate":"https:\/\/jorevastudi.com\/?s={search_term_string}"},"query-input":{"@type":"PropertyValueSpecification","valueRequired":true,"valueName":"search_term_string"}}],"inLanguage":"ca"},{"@type":"Organization","@id":"https:\/\/jorevastudi.com\/#organization","name":"Joreva interiorismo la garriga","url":"https:\/\/jorevastudi.com\/","logo":{"@type":"ImageObject","inLanguage":"ca","@id":"https:\/\/jorevastudi.com\/#\/schema\/logo\/image\/","url":"https:\/\/jorevastudi.com\/wp-content\/uploads\/2022\/01\/cropped-LOGOHRJoreva-1.png","contentUrl":"https:\/\/jorevastudi.com\/wp-content\/uploads\/2022\/01\/cropped-LOGOHRJoreva-1.png","width":200,"height":45,"caption":"Joreva interiorismo la garriga"},"image":{"@id":"https:\/\/jorevastudi.com\/#\/schema\/logo\/image\/"}}]}},"_links":{"self":[{"href":"https:\/\/jorevastudi.com\/index.php\/wp-json\/wp\/v2\/pages\/23","targetHints":{"allow":["GET"]}}],"collection":[{"href":"https:\/\/jorevastudi.com\/index.php\/wp-json\/wp\/v2\/pages"}],"about":[{"href":"https:\/\/jorevastudi.com\/index.php\/wp-json\/wp\/v2\/types\/page"}],"author":[{"embeddable":true,"href":"https:\/\/jorevastudi.com\/index.php\/wp-json\/wp\/v2\/users\/3"}],"replies":[{"embeddable":true,"href":"https:\/\/jorevastudi.com\/index.php\/wp-json\/wp\/v2\/comments?post=23"}],"version-history":[{"count":13,"href":"https:\/\/jorevastudi.com\/index.php\/wp-json\/wp\/v2\/pages\/23\/revisions"}],"predecessor-version":[{"id":1973,"href":"https:\/\/jorevastudi.com\/index.php\/wp-json\/wp\/v2\/pages\/23\/revisions\/1973"}],"wp:attachment":[{"href":"https:\/\/jorevastudi.com\/index.php\/wp-json\/wp\/v2\/media?parent=23"}],"curies":[{"name":"wp","href":"https:\/\/api.w.org\/{rel}","templated":true}]}}