{"id":1840,"date":"2022-01-14T10:10:30","date_gmt":"2022-01-14T10:10:30","guid":{"rendered":"https:\/\/jorevastudi.com\/?page_id=1840"},"modified":"2022-01-14T10:14:10","modified_gmt":"2022-01-14T10:14:10","slug":"politica-de-privacitat","status":"publish","type":"page","link":"https:\/\/jorevastudi.com\/index.php\/politica-de-privacitat\/","title":{"rendered":"Pol\u00edtica de privacitat"},"content":{"rendered":"\n<div style=\"height:42px\" aria-hidden=\"true\" class=\"wp-block-spacer\"><\/div>\n\n\n\n<h2 class=\"has-medium-font-size wp-block-heading\">Qui\u00e9nes somos<\/h2>\n\n\n\n<p>La direcci\u00f3n de nuestra web es: https:\/\/jorevastudi.cat<\/p>\n\n\n\n<h2 class=\"has-medium-font-size wp-block-heading\">Qu\u00e9 datos personales recogemos y por qu\u00e9 los recogemos<\/h2>\n\n\n\n<h3 class=\"wp-block-heading\">Comentarios<\/h3>\n\n\n\n<p>Cuando los visitantes dejan comentarios en la web, recopilamos los datos que se muestran en el formulario de comentarios, as\u00ed como la direcci\u00f3n IP del visitante y la cadena de agentes de usuario del navegador para ayudar a la detecci\u00f3n de spam.<\/p>\n\n\n\n<p>Una cadena an\u00f3nima creada a partir de tu direcci\u00f3n de correo electr\u00f3nico (tambi\u00e9n llamada hash) puede ser proporcionada al servicio de Gravatar para ver si la est\u00e1s usando. La pol\u00edtica de privacidad del servicio Gravatar est\u00e1 disponible aqu\u00ed: https:\/\/automattic.com\/privacy\/. Despu\u00e9s de la aprobaci\u00f3n de tu comentario, la imagen de tu perfil es visible para el p\u00fablico en el contexto de su comentario.<\/p>\n\n\n\n<h3 class=\"wp-block-heading\">Medios<\/h3>\n\n\n\n<p>Si subes im\u00e1genes a la web deber\u00edas evitar subir im\u00e1genes con datos de ubicaci\u00f3n (GPS EXIF) incluidos. Los visitantes de la web pueden descargar y extraer cualquier dato de localizaci\u00f3n de las im\u00e1genes de la web.<\/p>\n\n\n\n<h3 class=\"wp-block-heading\">Formularios de contacto<\/h3>\n\n\n\n<h3 class=\"wp-block-heading\">Cookies<\/h3>\n\n\n\n<p>Si dejas un comentario en nuestro sitio puedes elegir guardar tu nombre, direcci\u00f3n de correo electr\u00f3nico y web en cookies. Esto es para tu comodidad, para que no tengas que volver a rellenar tus datos cuando dejes otro comentario. Estas cookies tendr\u00e1n una duraci\u00f3n de un a\u00f1o.<\/p>\n\n\n\n<p>Si tienes una cuenta y te conectas a este sitio, instalaremos una cookie temporal para determinar si tu navegador acepta cookies. Esta cookie no contiene datos personales y se elimina al cerrar el navegador.<\/p>\n\n\n\n<p>Cuando inicias sesi\u00f3n, tambi\u00e9n instalaremos varias cookies para guardar tu informaci\u00f3n de inicio de sesi\u00f3n y tus opciones de visualizaci\u00f3n de pantalla. Las cookies de inicio de sesi\u00f3n duran dos d\u00edas, y las cookies de opciones de pantalla duran un a\u00f1o. Si seleccionas \u201cRecordarme\u201d, tu inicio de sesi\u00f3n perdurar\u00e1 durante dos semanas. Si sales de tu cuenta, las cookies de inicio de sesi\u00f3n se eliminar\u00e1n.<\/p>\n\n\n\n<p>Si editas o publicas un art\u00edculo se guardar\u00e1 una cookie adicional en tu navegador. Esta cookie no incluye datos personales y simplemente indica el ID del art\u00edculo que acabas de editar. Caduca despu\u00e9s de 1 d\u00eda.<\/p>\n\n\n\n<p>Visitar la p\u00e1gina web de JOREVA con la configuraci\u00f3n del navegador ajustada para permitir la aceptaci\u00f3n de cookies o hacer uso de los dispositivos, aplicaciones para m\u00f3viles u otro software de JOREVA nos confirma que quieres visualizar la oferta de productos y servicios que se comercializan en JOREVA y que prestas tu consentimiento a que utilicemos las cookies y cualesquiera otras tecnolog\u00edas que utilicemos para proporcion\u00e1rtela y que puedas, en su caso, formalizar la adquisici\u00f3n de dicha oferta. A continuaci\u00f3n encontrar\u00e1s m\u00e1s informaci\u00f3n sobre c\u00f3mo modificar la configuraci\u00f3n de tu navegador, como administrar las cookies as\u00ed como sobre c\u00f3mo desactivarlas.<\/p>\n\n\n\n<p>\u00bfQu\u00e9 es una cookie?<\/p>\n\n\n\n<p>Es un dispositivo de almacenamiento de informaci\u00f3n que al acceder a una p\u00e1gina web se descarga en el ordenador o dispositivo electr\u00f3nico del usuario con la finalidad de guardar y recuperar informaci\u00f3n para, principalmente, agilizar la navegaci\u00f3n del usuario.<\/p>\n\n\n\n<p>\u00bfPor qu\u00e9 JOREVA utiliza cookies?<\/p>\n\n\n\n<p>JOREVA utiliza cookies para recuperar informaci\u00f3n y de esta forma ofrecer al usuario una navegaci\u00f3n m\u00e1s \u00e1gil evitando solicitar datos que este ya suministr\u00f3 anteriormente. Asimismo JOREVA utiliza cookies para analizar el comportamiento de los usuarios al navegar en la web, resultando una herramienta muy eficaz para valorar el funcionamiento de la p\u00e1gina web e introducir mejoras.<\/p>\n\n\n\n<p>Tipos de cookies y prop\u00f3sito de este tipo de cookies<\/p>\n\n\n\n<p>Cookies anal\u00edticas<\/p>\n\n\n\n<p>Estas cookies se utilizan para analizar el comportamiento de los usuarios de forma agregada y an\u00f3nima incluyendo el n\u00famero de visitantes a la web y a diferentes fichas de producto, la procedencia de las visita, d\u00eda y hora, plataforma, numero de clics en una ficha, palabras de b\u00fasqueda que utiliza un usuario para encontrar su contenido deseado. De esta forma JOREVA se sirve de un medio de gran utilidad para poder introducir mejoras en el sitio web y saber qu\u00e9 contenido o dise\u00f1o es m\u00e1s relevante para el usuario.<\/p>\n\n\n\n<p>Cookies funcionales<\/p>\n\n\n\n<p>Son cookies que ayudan al usuario a tener una mejor experiencia de la navegaci\u00f3n por el sitio. Un ejemplo de uso de este tipo de cookies son las que se utilizan para almacenar los datos de la \u00faltima b\u00fasqueda de un producto para auto rellenar el buscador, el pa\u00eds, ciudad de preferencia y \u00faltimos productos consultados por el usuario.<\/p>\n\n\n\n<p>Cookies t\u00e9cnicas<\/p>\n\n\n\n<p>Las cookies t\u00e9cnicas son necesarias para mostrar correctamente la p\u00e1gina web y garantizar el correcto funcionamiento del sitio. Estas cookies est\u00e1n relacionadas con la sesi\u00f3n del usuario, el login y la gesti\u00f3n de las reservas.<\/p>\n\n\n\n<p>\u00bfC\u00f3mo puedo obtener m\u00e1s informaci\u00f3n acerca de las cookies, administrarlas y, en su caso, eliminarlas?<\/p>\n\n\n\n<p>Si te diriges a la configuraci\u00f3n del navegador que tienes instalado en tu terminal, tienes la posibilidad de seleccionar qu\u00e9 cookies quieres aceptar y cuales rechazar. Para mayor informaci\u00f3n al respecto, puedes dirigirte al link&nbsp;<a href=\"https:\/\/support.google.com\/accounts\/answer\/32050?hl=es\">ayuda Google<\/a>&nbsp;Ten en cuenta que, si deshabilitas las cookies es posible que tengas problemas en el acceso y navegaci\u00f3n en la web as\u00ed como en la contrataci\u00f3n de nuestros servicios. Si necesitas mayor informaci\u00f3n acerca del funcionamiento de las cookies, as\u00ed como la forma de eliminarlas, puedes dirigirte a los siguientes enlaces:&nbsp;<a href=\"http:\/\/www.aboutcookies.org\/\">www.aboutcookies.org<\/a>&nbsp;y&nbsp;<a href=\"http:\/\/www.allaboutcookies.org\/\" class=\"\">www.allaboutcookies.org<\/a>. Por otra parte, si quieres no ser rastreado por Google Analytics a trav\u00e9s de todas las p\u00e1ginas web, ve al siguiente link:&nbsp;<a href=\"http:\/\/tools.google.com\/dlpage\/gaoptout\" class=\"\">http:\/\/tools.google.com\/dlpage\/gaoptout<\/a><\/p>\n\n\n\n<h3 class=\"wp-block-heading\">Contenido incrustado de otros sitios web<\/h3>\n\n\n\n<p>Los art\u00edculos de este sitio pueden incluir contenido incrustado (por ejemplo, v\u00eddeos, im\u00e1genes, art\u00edculos, etc.). El contenido incrustado de otras web se comporta exactamente de la misma manera que si el visitante hubiera visitado la otra web.<\/p>\n\n\n\n<p>Estas web pueden recopilar datos sobre ti, utilizar cookies, incrustar un seguimiento adicional de terceros, y supervisar tu interacci\u00f3n con ese contenido incrustado, incluido el seguimiento de tu interacci\u00f3n con el contenido incrustado si tienes una cuenta y est\u00e1s conectado a esa web.<\/p>\n\n\n\n<h3 class=\"wp-block-heading\">Anal\u00edtica<\/h3>\n\n\n\n<h2 class=\"has-medium-font-size wp-block-heading\">Con qui\u00e9n compartimos tus datos<\/h2>\n\n\n\n<h2 class=\"has-medium-font-size wp-block-heading\">Cu\u00e1nto tiempo conservamos tus datos<\/h2>\n\n\n\n<p>Si dejas un comentario, el comentario y sus metadatos se conservan indefinidamente. Esto es para que podamos reconocer y aprobar comentarios sucesivos autom\u00e1ticamente en lugar de mantenerlos en una cola de moderaci\u00f3n.<\/p>\n\n\n\n<p>De los usuarios que se registran en nuestra web (si los hay), tambi\u00e9n almacenamos la informaci\u00f3n personal que proporcionan en su perfil de usuario. Todos los usuarios pueden ver, editar o eliminar su informaci\u00f3n personal en cualquier momento (excepto que no pueden cambiar su nombre de usuario). Los administradores de la web tambi\u00e9n pueden ver y editar esa informaci\u00f3n.<\/p>\n\n\n\n<h2 class=\"has-medium-font-size wp-block-heading\">Qu\u00e9 derechos tienes sobre tus datos<\/h2>\n\n\n\n<p>Si tienes una cuenta o has dejado comentarios en esta web, puedes solicitar recibir un archivo de exportaci\u00f3n de los datos personales que tenemos sobre ti, incluyendo cualquier dato que nos hayas proporcionado. Tambi\u00e9n puedes solicitar que eliminemos cualquier dato personal que tengamos sobre ti. Esto no incluye ning\u00fan dato que estemos obligados a conservar con fines administrativos, legales o de seguridad.<\/p>\n\n\n\n<h2 class=\"has-medium-font-size wp-block-heading\">D\u00f3nde enviamos tus datos<\/h2>\n\n\n\n<p>Los comentarios de los visitantes puede que los revise un servicio de detecci\u00f3n autom\u00e1tica de spam.<\/p>\n","protected":false},"excerpt":{"rendered":"<p>Qui\u00e9nes somos La direcci\u00f3n de nuestra web es: https:\/\/jorevastudi.cat Qu\u00e9 datos personales recogemos y por qu\u00e9 los recogemos Comentarios Cuando los visitantes dejan comentarios en la web, recopilamos los datos &#8230;<\/p>\n","protected":false},"author":2,"featured_media":0,"parent":0,"menu_order":0,"comment_status":"closed","ping_status":"closed","template":"template-fullwidth.php","meta":{"footnotes":""},"class_list":["post-1840","page","type-page","status-publish","hentry"],"yoast_head":"<!-- This site is optimized with the Yoast SEO plugin v27.5 - https:\/\/yoast.com\/product\/yoast-seo-wordpress\/ -->\n<title>Pol\u00edtica de privacitat - Joreva interiorismo la garriga<\/title>\n<meta name=\"robots\" content=\"index, follow, max-snippet:-1, max-image-preview:large, max-video-preview:-1\" \/>\n<link rel=\"canonical\" href=\"https:\/\/jorevastudi.com\/index.php\/politica-de-privacitat\/\" \/>\n<meta property=\"og:locale\" content=\"ca_ES\" \/>\n<meta property=\"og:type\" content=\"article\" \/>\n<meta property=\"og:title\" content=\"Pol\u00edtica de privacitat - Joreva interiorismo la garriga\" \/>\n<meta property=\"og:description\" content=\"Qui\u00e9nes somos La direcci\u00f3n de nuestra web es: https:\/\/jorevastudi.cat Qu\u00e9 datos personales recogemos y por qu\u00e9 los recogemos Comentarios Cuando los visitantes dejan comentarios en la web, recopilamos los datos ...\" \/>\n<meta property=\"og:url\" content=\"https:\/\/jorevastudi.com\/index.php\/politica-de-privacitat\/\" \/>\n<meta property=\"og:site_name\" content=\"Joreva interiorismo la garriga\" \/>\n<meta property=\"article:modified_time\" content=\"2022-01-14T10:14:10+00:00\" \/>\n<meta name=\"twitter:card\" content=\"summary_large_image\" \/>\n<meta name=\"twitter:label1\" content=\"Temps estimat de lectura\" \/>\n\t<meta name=\"twitter:data1\" content=\"6 minuts\" \/>\n<script type=\"application\/ld+json\" class=\"yoast-schema-graph\">{\"@context\":\"https:\\\/\\\/schema.org\",\"@graph\":[{\"@type\":\"WebPage\",\"@id\":\"https:\\\/\\\/jorevastudi.com\\\/index.php\\\/politica-de-privacitat\\\/\",\"url\":\"https:\\\/\\\/jorevastudi.com\\\/index.php\\\/politica-de-privacitat\\\/\",\"name\":\"Pol\u00edtica de privacitat - Joreva interiorismo la garriga\",\"isPartOf\":{\"@id\":\"https:\\\/\\\/jorevastudi.com\\\/#website\"},\"datePublished\":\"2022-01-14T10:10:30+00:00\",\"dateModified\":\"2022-01-14T10:14:10+00:00\",\"breadcrumb\":{\"@id\":\"https:\\\/\\\/jorevastudi.com\\\/index.php\\\/politica-de-privacitat\\\/#breadcrumb\"},\"inLanguage\":\"ca\",\"potentialAction\":[{\"@type\":\"ReadAction\",\"target\":[\"https:\\\/\\\/jorevastudi.com\\\/index.php\\\/politica-de-privacitat\\\/\"]}]},{\"@type\":\"BreadcrumbList\",\"@id\":\"https:\\\/\\\/jorevastudi.com\\\/index.php\\\/politica-de-privacitat\\\/#breadcrumb\",\"itemListElement\":[{\"@type\":\"ListItem\",\"position\":1,\"name\":\"Inici\",\"item\":\"https:\\\/\\\/jorevastudi.com\\\/\"},{\"@type\":\"ListItem\",\"position\":2,\"name\":\"Pol\u00edtica de privacitat\"}]},{\"@type\":\"WebSite\",\"@id\":\"https:\\\/\\\/jorevastudi.com\\\/#website\",\"url\":\"https:\\\/\\\/jorevastudi.com\\\/\",\"name\":\"Joreva interiorismo la garriga\",\"description\":\"estudio de interiorismo, proyectos de reforma, tienda de muebles de dise\u00f1o de primeras marcas en granollers\",\"publisher\":{\"@id\":\"https:\\\/\\\/jorevastudi.com\\\/#organization\"},\"potentialAction\":[{\"@type\":\"SearchAction\",\"target\":{\"@type\":\"EntryPoint\",\"urlTemplate\":\"https:\\\/\\\/jorevastudi.com\\\/?s={search_term_string}\"},\"query-input\":{\"@type\":\"PropertyValueSpecification\",\"valueRequired\":true,\"valueName\":\"search_term_string\"}}],\"inLanguage\":\"ca\"},{\"@type\":\"Organization\",\"@id\":\"https:\\\/\\\/jorevastudi.com\\\/#organization\",\"name\":\"Joreva interiorismo la garriga\",\"url\":\"https:\\\/\\\/jorevastudi.com\\\/\",\"logo\":{\"@type\":\"ImageObject\",\"inLanguage\":\"ca\",\"@id\":\"https:\\\/\\\/jorevastudi.com\\\/#\\\/schema\\\/logo\\\/image\\\/\",\"url\":\"https:\\\/\\\/jorevastudi.com\\\/wp-content\\\/uploads\\\/2022\\\/01\\\/cropped-LOGOHRJoreva-1.png\",\"contentUrl\":\"https:\\\/\\\/jorevastudi.com\\\/wp-content\\\/uploads\\\/2022\\\/01\\\/cropped-LOGOHRJoreva-1.png\",\"width\":200,\"height\":45,\"caption\":\"Joreva interiorismo la garriga\"},\"image\":{\"@id\":\"https:\\\/\\\/jorevastudi.com\\\/#\\\/schema\\\/logo\\\/image\\\/\"}}]}<\/script>\n<!-- \/ Yoast SEO plugin. -->","yoast_head_json":{"title":"Pol\u00edtica de privacitat - Joreva interiorismo la garriga","robots":{"index":"index","follow":"follow","max-snippet":"max-snippet:-1","max-image-preview":"max-image-preview:large","max-video-preview":"max-video-preview:-1"},"canonical":"https:\/\/jorevastudi.com\/index.php\/politica-de-privacitat\/","og_locale":"ca_ES","og_type":"article","og_title":"Pol\u00edtica de privacitat - Joreva interiorismo la garriga","og_description":"Qui\u00e9nes somos La direcci\u00f3n de nuestra web es: https:\/\/jorevastudi.cat Qu\u00e9 datos personales recogemos y por qu\u00e9 los recogemos Comentarios Cuando los visitantes dejan comentarios en la web, recopilamos los datos ...","og_url":"https:\/\/jorevastudi.com\/index.php\/politica-de-privacitat\/","og_site_name":"Joreva interiorismo la garriga","article_modified_time":"2022-01-14T10:14:10+00:00","twitter_card":"summary_large_image","twitter_misc":{"Temps estimat de lectura":"6 minuts"},"schema":{"@context":"https:\/\/schema.org","@graph":[{"@type":"WebPage","@id":"https:\/\/jorevastudi.com\/index.php\/politica-de-privacitat\/","url":"https:\/\/jorevastudi.com\/index.php\/politica-de-privacitat\/","name":"Pol\u00edtica de privacitat - Joreva interiorismo la garriga","isPartOf":{"@id":"https:\/\/jorevastudi.com\/#website"},"datePublished":"2022-01-14T10:10:30+00:00","dateModified":"2022-01-14T10:14:10+00:00","breadcrumb":{"@id":"https:\/\/jorevastudi.com\/index.php\/politica-de-privacitat\/#breadcrumb"},"inLanguage":"ca","potentialAction":[{"@type":"ReadAction","target":["https:\/\/jorevastudi.com\/index.php\/politica-de-privacitat\/"]}]},{"@type":"BreadcrumbList","@id":"https:\/\/jorevastudi.com\/index.php\/politica-de-privacitat\/#breadcrumb","itemListElement":[{"@type":"ListItem","position":1,"name":"Inici","item":"https:\/\/jorevastudi.com\/"},{"@type":"ListItem","position":2,"name":"Pol\u00edtica de privacitat"}]},{"@type":"WebSite","@id":"https:\/\/jorevastudi.com\/#website","url":"https:\/\/jorevastudi.com\/","name":"Joreva interiorismo la garriga","description":"estudio de interiorismo, proyectos de reforma, tienda de muebles de dise\u00f1o de primeras marcas en granollers","publisher":{"@id":"https:\/\/jorevastudi.com\/#organization"},"potentialAction":[{"@type":"SearchAction","target":{"@type":"EntryPoint","urlTemplate":"https:\/\/jorevastudi.com\/?s={search_term_string}"},"query-input":{"@type":"PropertyValueSpecification","valueRequired":true,"valueName":"search_term_string"}}],"inLanguage":"ca"},{"@type":"Organization","@id":"https:\/\/jorevastudi.com\/#organization","name":"Joreva interiorismo la garriga","url":"https:\/\/jorevastudi.com\/","logo":{"@type":"ImageObject","inLanguage":"ca","@id":"https:\/\/jorevastudi.com\/#\/schema\/logo\/image\/","url":"https:\/\/jorevastudi.com\/wp-content\/uploads\/2022\/01\/cropped-LOGOHRJoreva-1.png","contentUrl":"https:\/\/jorevastudi.com\/wp-content\/uploads\/2022\/01\/cropped-LOGOHRJoreva-1.png","width":200,"height":45,"caption":"Joreva interiorismo la garriga"},"image":{"@id":"https:\/\/jorevastudi.com\/#\/schema\/logo\/image\/"}}]}},"_links":{"self":[{"href":"https:\/\/jorevastudi.com\/index.php\/wp-json\/wp\/v2\/pages\/1840","targetHints":{"allow":["GET"]}}],"collection":[{"href":"https:\/\/jorevastudi.com\/index.php\/wp-json\/wp\/v2\/pages"}],"about":[{"href":"https:\/\/jorevastudi.com\/index.php\/wp-json\/wp\/v2\/types\/page"}],"author":[{"embeddable":true,"href":"https:\/\/jorevastudi.com\/index.php\/wp-json\/wp\/v2\/users\/2"}],"replies":[{"embeddable":true,"href":"https:\/\/jorevastudi.com\/index.php\/wp-json\/wp\/v2\/comments?post=1840"}],"version-history":[{"count":3,"href":"https:\/\/jorevastudi.com\/index.php\/wp-json\/wp\/v2\/pages\/1840\/revisions"}],"predecessor-version":[{"id":1847,"href":"https:\/\/jorevastudi.com\/index.php\/wp-json\/wp\/v2\/pages\/1840\/revisions\/1847"}],"wp:attachment":[{"href":"https:\/\/jorevastudi.com\/index.php\/wp-json\/wp\/v2\/media?parent=1840"}],"curies":[{"name":"wp","href":"https:\/\/api.w.org\/{rel}","templated":true}]}}