{"id":1604,"date":"2022-01-11T11:02:38","date_gmt":"2022-01-11T11:02:38","guid":{"rendered":"https:\/\/jorevastudi.com\/?page_id=1604"},"modified":"2022-02-01T11:32:38","modified_gmt":"2022-02-01T11:32:38","slug":"joreva-interiorisme-la-garriga","status":"publish","type":"page","link":"https:\/\/jorevastudi.com\/index.php\/joreva-interiorisme-la-garriga\/","title":{"rendered":"Joreva interiorisme La Garriga"},"content":{"rendered":"\n<div style=\"height:42px\" aria-hidden=\"true\" class=\"wp-block-spacer\"><\/div>\n\n\n\n<div class=\"wp-block-image\"><figure class=\"aligncenter size-full\"><img fetchpriority=\"high\" decoding=\"async\" width=\"864\" height=\"631\" src=\"https:\/\/jorevastudi.com\/wp-content\/uploads\/2022\/01\/WhatsApp-Image-2021-10-03-at-07.47.46-1.jpeg\" alt=\"Joreva botiga mobles La Garriga\" class=\"wp-image-1605\" srcset=\"https:\/\/jorevastudi.com\/wp-content\/uploads\/2022\/01\/WhatsApp-Image-2021-10-03-at-07.47.46-1.jpeg 864w, https:\/\/jorevastudi.com\/wp-content\/uploads\/2022\/01\/WhatsApp-Image-2021-10-03-at-07.47.46-1-300x219.jpeg 300w, https:\/\/jorevastudi.com\/wp-content\/uploads\/2022\/01\/WhatsApp-Image-2021-10-03-at-07.47.46-1-768x561.jpeg 768w\" sizes=\"(max-width: 864px) 100vw, 864px\" \/><\/figure><\/div>\n\n\n\n<div style=\"height:27px\" aria-hidden=\"true\" class=\"wp-block-spacer\"><\/div>\n\n\n\n<hr class=\"wp-block-separator\"\/>\n\n\n\n<p class=\"has-text-color\" style=\"color:#545252\"><strong>JOREVA estudi<\/strong>\u00a0es va fundar l\u2019any 1993 amb una llarga tradici\u00f3 en el m\u00f3n del moble. Quasi 40 anys oferint mobles de disseny, avantguarda, contemporanis, i cl\u00e0ssics. Si busques un equip professional per poder contractar un servei d&#8217;interiorisme no dubtis en posar-te en contacte amb nosaltres. <\/p>\n\n\n\n<p class=\"has-text-color\" style=\"color:#545252\">Posem a la teva disposici\u00f3 1200 m2 d\u2019exposici\u00f3 de mobles i complements de decoraci\u00f3 de primeres marques. Tenim una dilatada experi\u00e8ncia i professionalitat en el m\u00f3n de la decoraci\u00f3 i l\u2019interiorisme perqu\u00e8 poguem construir plegats l&#8217;espai dels vostres somnis.<\/p>\n\n\n\n<p class=\"has-text-color\" style=\"color:#545252\">A Joreva interiorisme La Garriga disposem d\u2019un equip propi d\u2019industrials i muntadors professionals; que ens ajuden a realitzar i acabar tots els projectes, tenint cura fins a l\u2019\u00faltim detall.<\/p>\n\n\n\n<p class=\"has-text-color\" style=\"color:#545252\">Formats per equip multidisciplinari, que comencem cada dia amb la il\u00b7lusi\u00f3 renovada de donar un pas m\u00e9s en la realitzaci\u00f3 dels nostres somnis, i, \u00e9s per aix\u00f2, que els nostres clients ens trien per compartir els seus amb nosaltres.<\/p>\n\n\n\n<ul class=\"has-text-color wp-block-list\" style=\"color:#545252\"><li>A Joreva interiorisme La Garriga oferim:<ul><li>Botiga de mobles i complementss de decoraci\u00f3 de primeres marques.<\/li><li>Comprovaci\u00f3 de mides a casa els clients per a cada projecte d&#8217;interiorisme.<\/li><li>Transport i muntatge propi i professional.<\/li><li>Disseny i venda de mobiliari a mida i de primeres firmes nacionals i internacionals<\/li><li>Restyling d\u2019espais.<\/li><li>Disseny de nous espais: habitacions, cuines, estudis, sales d&#8217;estar.<\/li><li>Projectes d\u2019interiorisme personalitzats.<\/li><li>Reformes integrals de llars, oficines, botigues, etc\u2026<\/li><li>Estudi d\u2019espais exteriors: jardineria i mobiliari.<\/li><li>Pressupostos sense comprom\u00eds.<\/li><li>Finan\u00e7ament.<\/li><li>Col\u00b7laboraci\u00f3 amb estudis professionals.<\/li><\/ul><\/li><\/ul>\n\n\n\n<p>Descobreix tots els serveis que us podem oferir <a href=\"https:\/\/jorevastudi.com\/index.php\/interiorisme\/\" target=\"_blank\" rel=\"noreferrer noopener\">AQU\u00cd<\/a> o ens pots veniar a veure al <a href=\"https:\/\/www.google.com\/maps\/place\/JOREVA+estudi+SL\/@41.6997299,2.2857444,15z\/data=!4m2!3m1!1s0x0:0x827571d33d56ea2f?sa=X&amp;ved=2ahUKEwig2MSAk9z1AhVsh_0HHfrcB6sQ_BJ6BAghEAU\" target=\"_blank\" rel=\"noreferrer noopener\">nostre showroom <\/a><\/p>\n","protected":false},"excerpt":{"rendered":"<p>JOREVA estudi\u00a0es va fundar l\u2019any 1993 Quasi 40 anys oferint mobles de disseny, interiorisme, reformes integrals, cuines de disseny 100% professional<\/p>\n","protected":false},"author":2,"featured_media":1605,"parent":0,"menu_order":0,"comment_status":"closed","ping_status":"closed","template":"template-fullwidth.php","meta":{"footnotes":""},"class_list":["post-1604","page","type-page","status-publish","has-post-thumbnail","hentry"],"yoast_head":"<!-- This site is optimized with the Yoast SEO plugin v27.6 - https:\/\/yoast.com\/product\/yoast-seo-wordpress\/ -->\n<title>Joreva interiorisme La Garriga - Joreva interiorismo la garriga<\/title>\n<meta name=\"description\" content=\"A Joreva interiorisme La Garriga tenim un equip propi d\u2019industrials i muntadors per cada servei. Tamb\u00e9 disposem d&#039;un showroom de mobles\" \/>\n<meta name=\"robots\" content=\"index, follow, max-snippet:-1, max-image-preview:large, max-video-preview:-1\" \/>\n<link rel=\"canonical\" href=\"https:\/\/jorevastudi.com\/index.php\/joreva-interiorisme-la-garriga\/\" \/>\n<meta property=\"og:locale\" content=\"ca_ES\" \/>\n<meta property=\"og:type\" content=\"article\" \/>\n<meta property=\"og:title\" content=\"Joreva interiorisme La Garriga - Joreva interiorismo la garriga\" \/>\n<meta property=\"og:description\" content=\"A Joreva interiorisme La Garriga tenim un equip propi d\u2019industrials i muntadors per cada servei. Tamb\u00e9 disposem d&#039;un showroom de mobles\" \/>\n<meta property=\"og:url\" content=\"https:\/\/jorevastudi.com\/index.php\/joreva-interiorisme-la-garriga\/\" \/>\n<meta property=\"og:site_name\" content=\"Joreva interiorismo la garriga\" \/>\n<meta property=\"article:modified_time\" content=\"2022-02-01T11:32:38+00:00\" \/>\n<meta property=\"og:image\" content=\"https:\/\/jorevastudi.com\/wp-content\/uploads\/2022\/01\/WhatsApp-Image-2021-10-03-at-07.47.46-1.jpeg\" \/>\n\t<meta property=\"og:image:width\" content=\"864\" \/>\n\t<meta property=\"og:image:height\" content=\"631\" \/>\n\t<meta property=\"og:image:type\" content=\"image\/jpeg\" \/>\n<meta name=\"twitter:card\" content=\"summary_large_image\" \/>\n<meta name=\"twitter:label1\" content=\"Temps estimat de lectura\" \/>\n\t<meta name=\"twitter:data1\" content=\"2 minuts\" \/>\n<script type=\"application\/ld+json\" class=\"yoast-schema-graph\">{\"@context\":\"https:\\\/\\\/schema.org\",\"@graph\":[{\"@type\":\"WebPage\",\"@id\":\"https:\\\/\\\/jorevastudi.com\\\/index.php\\\/joreva-interiorisme-la-garriga\\\/\",\"url\":\"https:\\\/\\\/jorevastudi.com\\\/index.php\\\/joreva-interiorisme-la-garriga\\\/\",\"name\":\"Joreva interiorisme La Garriga - Joreva interiorismo la garriga\",\"isPartOf\":{\"@id\":\"https:\\\/\\\/jorevastudi.com\\\/#website\"},\"primaryImageOfPage\":{\"@id\":\"https:\\\/\\\/jorevastudi.com\\\/index.php\\\/joreva-interiorisme-la-garriga\\\/#primaryimage\"},\"image\":{\"@id\":\"https:\\\/\\\/jorevastudi.com\\\/index.php\\\/joreva-interiorisme-la-garriga\\\/#primaryimage\"},\"thumbnailUrl\":\"https:\\\/\\\/jorevastudi.com\\\/wp-content\\\/uploads\\\/2022\\\/01\\\/WhatsApp-Image-2021-10-03-at-07.47.46-1.jpeg\",\"datePublished\":\"2022-01-11T11:02:38+00:00\",\"dateModified\":\"2022-02-01T11:32:38+00:00\",\"description\":\"A Joreva interiorisme La Garriga tenim un equip propi d\u2019industrials i muntadors per cada servei. Tamb\u00e9 disposem d'un showroom de mobles\",\"breadcrumb\":{\"@id\":\"https:\\\/\\\/jorevastudi.com\\\/index.php\\\/joreva-interiorisme-la-garriga\\\/#breadcrumb\"},\"inLanguage\":\"ca\",\"potentialAction\":[{\"@type\":\"ReadAction\",\"target\":[\"https:\\\/\\\/jorevastudi.com\\\/index.php\\\/joreva-interiorisme-la-garriga\\\/\"]}]},{\"@type\":\"ImageObject\",\"inLanguage\":\"ca\",\"@id\":\"https:\\\/\\\/jorevastudi.com\\\/index.php\\\/joreva-interiorisme-la-garriga\\\/#primaryimage\",\"url\":\"https:\\\/\\\/jorevastudi.com\\\/wp-content\\\/uploads\\\/2022\\\/01\\\/WhatsApp-Image-2021-10-03-at-07.47.46-1.jpeg\",\"contentUrl\":\"https:\\\/\\\/jorevastudi.com\\\/wp-content\\\/uploads\\\/2022\\\/01\\\/WhatsApp-Image-2021-10-03-at-07.47.46-1.jpeg\",\"width\":864,\"height\":631,\"caption\":\"Joreva botiga mobles La Garriga\"},{\"@type\":\"BreadcrumbList\",\"@id\":\"https:\\\/\\\/jorevastudi.com\\\/index.php\\\/joreva-interiorisme-la-garriga\\\/#breadcrumb\",\"itemListElement\":[{\"@type\":\"ListItem\",\"position\":1,\"name\":\"Inici\",\"item\":\"https:\\\/\\\/jorevastudi.com\\\/\"},{\"@type\":\"ListItem\",\"position\":2,\"name\":\"Joreva interiorisme La Garriga\"}]},{\"@type\":\"WebSite\",\"@id\":\"https:\\\/\\\/jorevastudi.com\\\/#website\",\"url\":\"https:\\\/\\\/jorevastudi.com\\\/\",\"name\":\"Joreva interiorismo la garriga\",\"description\":\"estudio de interiorismo, proyectos de reforma, tienda de muebles de dise\u00f1o de primeras marcas en granollers\",\"publisher\":{\"@id\":\"https:\\\/\\\/jorevastudi.com\\\/#organization\"},\"potentialAction\":[{\"@type\":\"SearchAction\",\"target\":{\"@type\":\"EntryPoint\",\"urlTemplate\":\"https:\\\/\\\/jorevastudi.com\\\/?s={search_term_string}\"},\"query-input\":{\"@type\":\"PropertyValueSpecification\",\"valueRequired\":true,\"valueName\":\"search_term_string\"}}],\"inLanguage\":\"ca\"},{\"@type\":\"Organization\",\"@id\":\"https:\\\/\\\/jorevastudi.com\\\/#organization\",\"name\":\"Joreva interiorismo la garriga\",\"url\":\"https:\\\/\\\/jorevastudi.com\\\/\",\"logo\":{\"@type\":\"ImageObject\",\"inLanguage\":\"ca\",\"@id\":\"https:\\\/\\\/jorevastudi.com\\\/#\\\/schema\\\/logo\\\/image\\\/\",\"url\":\"https:\\\/\\\/jorevastudi.com\\\/wp-content\\\/uploads\\\/2022\\\/01\\\/cropped-LOGOHRJoreva-1.png\",\"contentUrl\":\"https:\\\/\\\/jorevastudi.com\\\/wp-content\\\/uploads\\\/2022\\\/01\\\/cropped-LOGOHRJoreva-1.png\",\"width\":200,\"height\":45,\"caption\":\"Joreva interiorismo la garriga\"},\"image\":{\"@id\":\"https:\\\/\\\/jorevastudi.com\\\/#\\\/schema\\\/logo\\\/image\\\/\"}}]}<\/script>\n<!-- \/ Yoast SEO plugin. -->","yoast_head_json":{"title":"Joreva interiorisme La Garriga - Joreva interiorismo la garriga","description":"A Joreva interiorisme La Garriga tenim un equip propi d\u2019industrials i muntadors per cada servei. Tamb\u00e9 disposem d'un showroom de mobles","robots":{"index":"index","follow":"follow","max-snippet":"max-snippet:-1","max-image-preview":"max-image-preview:large","max-video-preview":"max-video-preview:-1"},"canonical":"https:\/\/jorevastudi.com\/index.php\/joreva-interiorisme-la-garriga\/","og_locale":"ca_ES","og_type":"article","og_title":"Joreva interiorisme La Garriga - Joreva interiorismo la garriga","og_description":"A Joreva interiorisme La Garriga tenim un equip propi d\u2019industrials i muntadors per cada servei. Tamb\u00e9 disposem d'un showroom de mobles","og_url":"https:\/\/jorevastudi.com\/index.php\/joreva-interiorisme-la-garriga\/","og_site_name":"Joreva interiorismo la garriga","article_modified_time":"2022-02-01T11:32:38+00:00","og_image":[{"width":864,"height":631,"url":"https:\/\/jorevastudi.com\/wp-content\/uploads\/2022\/01\/WhatsApp-Image-2021-10-03-at-07.47.46-1.jpeg","type":"image\/jpeg"}],"twitter_card":"summary_large_image","twitter_misc":{"Temps estimat de lectura":"2 minuts"},"schema":{"@context":"https:\/\/schema.org","@graph":[{"@type":"WebPage","@id":"https:\/\/jorevastudi.com\/index.php\/joreva-interiorisme-la-garriga\/","url":"https:\/\/jorevastudi.com\/index.php\/joreva-interiorisme-la-garriga\/","name":"Joreva interiorisme La Garriga - Joreva interiorismo la garriga","isPartOf":{"@id":"https:\/\/jorevastudi.com\/#website"},"primaryImageOfPage":{"@id":"https:\/\/jorevastudi.com\/index.php\/joreva-interiorisme-la-garriga\/#primaryimage"},"image":{"@id":"https:\/\/jorevastudi.com\/index.php\/joreva-interiorisme-la-garriga\/#primaryimage"},"thumbnailUrl":"https:\/\/jorevastudi.com\/wp-content\/uploads\/2022\/01\/WhatsApp-Image-2021-10-03-at-07.47.46-1.jpeg","datePublished":"2022-01-11T11:02:38+00:00","dateModified":"2022-02-01T11:32:38+00:00","description":"A Joreva interiorisme La Garriga tenim un equip propi d\u2019industrials i muntadors per cada servei. Tamb\u00e9 disposem d'un showroom de mobles","breadcrumb":{"@id":"https:\/\/jorevastudi.com\/index.php\/joreva-interiorisme-la-garriga\/#breadcrumb"},"inLanguage":"ca","potentialAction":[{"@type":"ReadAction","target":["https:\/\/jorevastudi.com\/index.php\/joreva-interiorisme-la-garriga\/"]}]},{"@type":"ImageObject","inLanguage":"ca","@id":"https:\/\/jorevastudi.com\/index.php\/joreva-interiorisme-la-garriga\/#primaryimage","url":"https:\/\/jorevastudi.com\/wp-content\/uploads\/2022\/01\/WhatsApp-Image-2021-10-03-at-07.47.46-1.jpeg","contentUrl":"https:\/\/jorevastudi.com\/wp-content\/uploads\/2022\/01\/WhatsApp-Image-2021-10-03-at-07.47.46-1.jpeg","width":864,"height":631,"caption":"Joreva botiga mobles La Garriga"},{"@type":"BreadcrumbList","@id":"https:\/\/jorevastudi.com\/index.php\/joreva-interiorisme-la-garriga\/#breadcrumb","itemListElement":[{"@type":"ListItem","position":1,"name":"Inici","item":"https:\/\/jorevastudi.com\/"},{"@type":"ListItem","position":2,"name":"Joreva interiorisme La Garriga"}]},{"@type":"WebSite","@id":"https:\/\/jorevastudi.com\/#website","url":"https:\/\/jorevastudi.com\/","name":"Joreva interiorismo la garriga","description":"estudio de interiorismo, proyectos de reforma, tienda de muebles de dise\u00f1o de primeras marcas en granollers","publisher":{"@id":"https:\/\/jorevastudi.com\/#organization"},"potentialAction":[{"@type":"SearchAction","target":{"@type":"EntryPoint","urlTemplate":"https:\/\/jorevastudi.com\/?s={search_term_string}"},"query-input":{"@type":"PropertyValueSpecification","valueRequired":true,"valueName":"search_term_string"}}],"inLanguage":"ca"},{"@type":"Organization","@id":"https:\/\/jorevastudi.com\/#organization","name":"Joreva interiorismo la garriga","url":"https:\/\/jorevastudi.com\/","logo":{"@type":"ImageObject","inLanguage":"ca","@id":"https:\/\/jorevastudi.com\/#\/schema\/logo\/image\/","url":"https:\/\/jorevastudi.com\/wp-content\/uploads\/2022\/01\/cropped-LOGOHRJoreva-1.png","contentUrl":"https:\/\/jorevastudi.com\/wp-content\/uploads\/2022\/01\/cropped-LOGOHRJoreva-1.png","width":200,"height":45,"caption":"Joreva interiorismo la garriga"},"image":{"@id":"https:\/\/jorevastudi.com\/#\/schema\/logo\/image\/"}}]}},"_links":{"self":[{"href":"https:\/\/jorevastudi.com\/index.php\/wp-json\/wp\/v2\/pages\/1604","targetHints":{"allow":["GET"]}}],"collection":[{"href":"https:\/\/jorevastudi.com\/index.php\/wp-json\/wp\/v2\/pages"}],"about":[{"href":"https:\/\/jorevastudi.com\/index.php\/wp-json\/wp\/v2\/types\/page"}],"author":[{"embeddable":true,"href":"https:\/\/jorevastudi.com\/index.php\/wp-json\/wp\/v2\/users\/2"}],"replies":[{"embeddable":true,"href":"https:\/\/jorevastudi.com\/index.php\/wp-json\/wp\/v2\/comments?post=1604"}],"version-history":[{"count":15,"href":"https:\/\/jorevastudi.com\/index.php\/wp-json\/wp\/v2\/pages\/1604\/revisions"}],"predecessor-version":[{"id":1952,"href":"https:\/\/jorevastudi.com\/index.php\/wp-json\/wp\/v2\/pages\/1604\/revisions\/1952"}],"wp:featuredmedia":[{"embeddable":true,"href":"https:\/\/jorevastudi.com\/index.php\/wp-json\/wp\/v2\/media\/1605"}],"wp:attachment":[{"href":"https:\/\/jorevastudi.com\/index.php\/wp-json\/wp\/v2\/media?parent=1604"}],"curies":[{"name":"wp","href":"https:\/\/api.w.org\/{rel}","templated":true}]}}